{"id":9739,"date":"2025-07-17T03:50:30","date_gmt":"2025-07-17T03:50:30","guid":{"rendered":"https:\/\/jinhuaceramic.com\/?post_type=product&#038;p=9739"},"modified":"2025-11-12T03:17:55","modified_gmt":"2025-11-12T03:17:55","slug":"wholesale-stoneware-dinnerware","status":"publish","type":"product","link":"https:\/\/jinhuaceramic.com\/pt\/product\/wholesale-stoneware-dinnerware\/","title":{"rendered":"Servi\u00e7o de jantar de gr\u00e9s por grosso, Servi\u00e7o de jantar para restaurantes"},"content":{"rendered":"<div class=\"wp-block-columns is-layout-flex wp-container-core-columns-is-layout-9d6595d7 wp-block-columns-is-layout-flex\">\n<div class=\"wp-block-column is-layout-flow wp-block-column-is-layout-flow\">\n<h3 class=\"wp-block-heading\">Premium Rustic Wholesale Stoneware Dinnerware&nbsp;Features:<\/h3>\n\n\n\n<ul class=\"wp-block-list\">\n<li><strong>Design r\u00fastico:<\/strong> This custom tableware set features a contrasting caramel and warm brown design with rich color layers. The warm brown color gives the dishes an earthy, warm and outset finish that complements most home decor styles.<\/li>\n\n\n\n<li><strong>Forma simples: <\/strong>These wholesale stoneware dinnerware sets are simply a classic, round, clean-designed shape with subtle elegance that enhances the stoneware material and glaze.<\/li>\n\n\n\n<li><strong>Gr\u00e9s resistente:<\/strong> Our wholesale stoneware dinnerware is made thicker and stronger than standard ceramic dinnerware. Stoneware is more chip- and scratch-resistant than standard ceramic dinnerware and ideal for daily heavy use. Heat retains well with stoneware so plates can keep hotter at the table longer, which adds to the enjoyment of the meal.<\/li>\n\n\n\n<li><strong>Conjunto completo:<\/strong> Estes conjuntos de utens\u00edlios de mesa personalizados incluem pratos principais, pratos de salada, ta\u00e7as e copos, que podem ser utilizados para servir v\u00e1rios tipos de alimentos, tais como alimentos b\u00e1sicos, acompanhamentos, sopas, saladas, sobremesas, bebidas, etc. Podem ser utilizados para uso dom\u00e9stico quotidiano, bem como para uso em restaurantes.<\/li>\n<\/ul>\n<\/div>\n\n\n\n<div class=\"wp-block-column is-layout-flow wp-block-column-is-layout-flow\">\n<figure class=\"wp-block-image size-full\"><img fetchpriority=\"high\" decoding=\"async\" width=\"800\" height=\"800\" src=\"https:\/\/jinhuaceramic.com\/wp-content\/uploads\/2025\/07\/Rustic-Stoneware-Tableware-Set-Restaurant-Supply-Dinnerware-Plates-Wholesale-2.webp\" alt=\"rustic-wholesale-stoneware-dinnerware-restaurant-supply-dinnerware-plates-wholesale-2\" class=\"wp-image-9740\" srcset=\"https:\/\/jinhuaceramic.com\/wp-content\/uploads\/2025\/07\/Rustic-Stoneware-Tableware-Set-Restaurant-Supply-Dinnerware-Plates-Wholesale-2.webp 800w, https:\/\/jinhuaceramic.com\/wp-content\/uploads\/2025\/07\/Rustic-Stoneware-Tableware-Set-Restaurant-Supply-Dinnerware-Plates-Wholesale-2-300x300.webp 300w, https:\/\/jinhuaceramic.com\/wp-content\/uploads\/2025\/07\/Rustic-Stoneware-Tableware-Set-Restaurant-Supply-Dinnerware-Plates-Wholesale-2-150x150.webp 150w, https:\/\/jinhuaceramic.com\/wp-content\/uploads\/2025\/07\/Rustic-Stoneware-Tableware-Set-Restaurant-Supply-Dinnerware-Plates-Wholesale-2-768x768.webp 768w, https:\/\/jinhuaceramic.com\/wp-content\/uploads\/2025\/07\/Rustic-Stoneware-Tableware-Set-Restaurant-Supply-Dinnerware-Plates-Wholesale-2-12x12.webp 12w, https:\/\/jinhuaceramic.com\/wp-content\/uploads\/2025\/07\/Rustic-Stoneware-Tableware-Set-Restaurant-Supply-Dinnerware-Plates-Wholesale-2-285x285.webp 285w, https:\/\/jinhuaceramic.com\/wp-content\/uploads\/2025\/07\/Rustic-Stoneware-Tableware-Set-Restaurant-Supply-Dinnerware-Plates-Wholesale-2-270x270.webp 270w, https:\/\/jinhuaceramic.com\/wp-content\/uploads\/2025\/07\/Rustic-Stoneware-Tableware-Set-Restaurant-Supply-Dinnerware-Plates-Wholesale-2-540x540.webp 540w, https:\/\/jinhuaceramic.com\/wp-content\/uploads\/2025\/07\/Rustic-Stoneware-Tableware-Set-Restaurant-Supply-Dinnerware-Plates-Wholesale-2-660x660.webp 660w\" sizes=\"(max-width: 800px) 100vw, 800px\" \/><\/figure>\n<\/div>\n<\/div>","protected":false},"excerpt":{"rendered":"<p>N\u00e3o hesite em contactar-nos para a compra a granel de loi\u00e7a de gr\u00e9s por atacado. As vantagens destes conjuntos de loi\u00e7a de mesa s\u00e3o as linhas simples, um padr\u00e3o campestre, material de gr\u00e9s dur\u00e1vel e uma variedade de conjuntos de loi\u00e7a de mesa. Estes conjuntos de loi\u00e7a, com forma e fun\u00e7\u00e3o, podem trazer calor e formalidade \u00e0s refei\u00e7\u00f5es e melhorar o ritual e o prazer da refei\u00e7\u00e3o.<\/p>","protected":false},"featured_media":9743,"comment_status":"closed","ping_status":"closed","template":"","meta":{"_acf_changed":false},"product_brand":[],"product_cat":[83,54],"product_tag":[],"class_list":{"0":"post-9739","1":"product","2":"type-product","3":"status-publish","4":"has-post-thumbnail","6":"product_cat-wholesale-dinnerware-sets","7":"product_cat-tableware-wholesale","9":"first","10":"instock","11":"shipping-taxable","12":"product-type-simple"},"acf":[],"_links":{"self":[{"href":"https:\/\/jinhuaceramic.com\/pt\/wp-json\/wp\/v2\/product\/9739","targetHints":{"allow":["GET"]}}],"collection":[{"href":"https:\/\/jinhuaceramic.com\/pt\/wp-json\/wp\/v2\/product"}],"about":[{"href":"https:\/\/jinhuaceramic.com\/pt\/wp-json\/wp\/v2\/types\/product"}],"replies":[{"embeddable":true,"href":"https:\/\/jinhuaceramic.com\/pt\/wp-json\/wp\/v2\/comments?post=9739"}],"version-history":[{"count":0,"href":"https:\/\/jinhuaceramic.com\/pt\/wp-json\/wp\/v2\/product\/9739\/revisions"}],"wp:featuredmedia":[{"embeddable":true,"href":"https:\/\/jinhuaceramic.com\/pt\/wp-json\/wp\/v2\/media\/9743"}],"wp:attachment":[{"href":"https:\/\/jinhuaceramic.com\/pt\/wp-json\/wp\/v2\/media?parent=9739"}],"wp:term":[{"taxonomy":"product_brand","embeddable":true,"href":"https:\/\/jinhuaceramic.com\/pt\/wp-json\/wp\/v2\/product_brand?post=9739"},{"taxonomy":"product_cat","embeddable":true,"href":"https:\/\/jinhuaceramic.com\/pt\/wp-json\/wp\/v2\/product_cat?post=9739"},{"taxonomy":"product_tag","embeddable":true,"href":"https:\/\/jinhuaceramic.com\/pt\/wp-json\/wp\/v2\/product_tag?post=9739"}],"curies":[{"name":"wp","href":"https:\/\/api.w.org\/{rel}","templated":true}]}}