{"id":9756,"date":"2025-07-17T02:02:16","date_gmt":"2025-07-17T02:02:16","guid":{"rendered":"https:\/\/jinhuaceramic.com\/?post_type=product&#038;p=9756"},"modified":"2025-11-12T03:23:19","modified_gmt":"2025-11-12T03:23:19","slug":"bulk-empty-candle-jars","status":"publish","type":"product","link":"https:\/\/jinhuaceramic.com\/pt\/product\/bulk-empty-candle-jars\/","title":{"rendered":"Frascos de vela vazios de 2 pavios a granel, recipientes para velas por atacado"},"content":{"rendered":"<div class=\"wp-block-columns is-layout-flex wp-container-core-columns-is-layout-9d6595d7 wp-block-columns-is-layout-flex\">\n<div class=\"wp-block-column is-layout-flow wp-block-column-is-layout-flow\">\n<h3 class=\"wp-block-heading\">Frascos de vela vazios Premium de 2 pavios a granel Carater\u00edsticas:<\/h3>\n\n\n\n<ul class=\"wp-block-list\">\n<li><strong>Impress\u00e3o personalizada: <\/strong>Os frascos de velas personalizados s\u00e3o impressos com mensagens como \u201cLOVE YOUR LIFE ENJOY\u201d, \u201cONLY BELONGS TO YOU\u201d, etc. Estas mensagens n\u00e3o s\u00f3 indicam a capacidade e o material das velas, como tamb\u00e9m desempenham um papel decorativo, lembrando aos utilizadores que devem aproveitar a vida e dar o seu melhor para viver o momento enquanto as utilizam.<\/li>\n\n\n\n<li><strong>V\u00e1rias cores:<\/strong> Estes frascos de velas vazios a granel est\u00e3o dispon\u00edveis em v\u00e1rias cores mais procuradas, como vermelho, verde menta, cinzento, verde escuro, amarelo, branco e azul escuro, e os clientes podem escolher e selecionar com base no tema da decora\u00e7\u00e3o da sua casa e no estilo de vida individual.<\/li>\n\n\n\n<li><strong>Design de 2 pavios:<\/strong> Os frascos de velas vazios a granel apresentam um design de 2 pavios para uma combust\u00e3o mais limpa e um lan\u00e7amento mais r\u00e1pido do aroma, eliminando o problema em que um buraco \u00e9 queimado no meio da vela enquanto a cera nos lados ainda est\u00e1 s\u00f3lida, prolongando assim a vida da vela.<\/li>\n\n\n\n<li><strong>Material duradouro: <\/strong>Constru\u00eddos a partir de material cer\u00e2mico de qualidade e cozidos a alta temperatura, estes recipientes para velas a granel t\u00eam uma grande dureza, s\u00e3o resistentes a altas temperaturas e duradouros, e podem suportar o calor das velas acesas em seguran\u00e7a sem se deformarem ou racharem.<\/li>\n<\/ul>\n<\/div>\n\n\n\n<div class=\"wp-block-column is-layout-flow wp-block-column-is-layout-flow\">\n<figure class=\"wp-block-image size-full\"><img fetchpriority=\"high\" decoding=\"async\" width=\"1000\" height=\"1000\" src=\"https:\/\/jinhuaceramic.com\/wp-content\/uploads\/2025\/07\/2-Wick-Empty-Candle-Jars-with-Various-Colors-Candle-Making-Containers-Wholesale-2.webp\" alt=\"Frascos de velas vazios de 2 pavios com v\u00e1rias cores - recipientes para velas - venda por grosso-2\" class=\"wp-image-9757\" srcset=\"https:\/\/jinhuaceramic.com\/wp-content\/uploads\/2025\/07\/2-Wick-Empty-Candle-Jars-with-Various-Colors-Candle-Making-Containers-Wholesale-2.webp 1000w, https:\/\/jinhuaceramic.com\/wp-content\/uploads\/2025\/07\/2-Wick-Empty-Candle-Jars-with-Various-Colors-Candle-Making-Containers-Wholesale-2-300x300.webp 300w, https:\/\/jinhuaceramic.com\/wp-content\/uploads\/2025\/07\/2-Wick-Empty-Candle-Jars-with-Various-Colors-Candle-Making-Containers-Wholesale-2-150x150.webp 150w, https:\/\/jinhuaceramic.com\/wp-content\/uploads\/2025\/07\/2-Wick-Empty-Candle-Jars-with-Various-Colors-Candle-Making-Containers-Wholesale-2-768x768.webp 768w, https:\/\/jinhuaceramic.com\/wp-content\/uploads\/2025\/07\/2-Wick-Empty-Candle-Jars-with-Various-Colors-Candle-Making-Containers-Wholesale-2-12x12.webp 12w, https:\/\/jinhuaceramic.com\/wp-content\/uploads\/2025\/07\/2-Wick-Empty-Candle-Jars-with-Various-Colors-Candle-Making-Containers-Wholesale-2-285x285.webp 285w, https:\/\/jinhuaceramic.com\/wp-content\/uploads\/2025\/07\/2-Wick-Empty-Candle-Jars-with-Various-Colors-Candle-Making-Containers-Wholesale-2-270x270.webp 270w, https:\/\/jinhuaceramic.com\/wp-content\/uploads\/2025\/07\/2-Wick-Empty-Candle-Jars-with-Various-Colors-Candle-Making-Containers-Wholesale-2-540x540.webp 540w, https:\/\/jinhuaceramic.com\/wp-content\/uploads\/2025\/07\/2-Wick-Empty-Candle-Jars-with-Various-Colors-Candle-Making-Containers-Wholesale-2-660x660.webp 660w\" sizes=\"(max-width: 1000px) 100vw, 1000px\" \/><\/figure>\n<\/div>\n<\/div>","protected":false},"excerpt":{"rendered":"<p>Bem-vindo a comprar os nossos frascos para velas vazios a granel. As vantagens destes frascos de velas personalizados s\u00e3o o seu belo aspeto, slogans de texto positivo, v\u00e1rias op\u00e7\u00f5es de cores, design pr\u00e1tico de 2 pavios e material cer\u00e2mico robusto e resistente. S\u00e3o \u00fateis e bonitos, adequados para v\u00e1rias ocasi\u00f5es, e podem acrescentar calor e estilo ao ambiente.<\/p>","protected":false},"featured_media":9758,"comment_status":"closed","ping_status":"closed","template":"","meta":{"_acf_changed":false},"product_brand":[],"product_cat":[52],"product_tag":[66],"class_list":{"0":"post-9756","1":"product","2":"type-product","3":"status-publish","4":"has-post-thumbnail","6":"product_cat-wholesale-candle-containers","7":"product_tag-candle-jars-wholesale","9":"first","10":"instock","11":"shipping-taxable","12":"product-type-simple"},"acf":[],"_links":{"self":[{"href":"https:\/\/jinhuaceramic.com\/pt\/wp-json\/wp\/v2\/product\/9756","targetHints":{"allow":["GET"]}}],"collection":[{"href":"https:\/\/jinhuaceramic.com\/pt\/wp-json\/wp\/v2\/product"}],"about":[{"href":"https:\/\/jinhuaceramic.com\/pt\/wp-json\/wp\/v2\/types\/product"}],"replies":[{"embeddable":true,"href":"https:\/\/jinhuaceramic.com\/pt\/wp-json\/wp\/v2\/comments?post=9756"}],"version-history":[{"count":0,"href":"https:\/\/jinhuaceramic.com\/pt\/wp-json\/wp\/v2\/product\/9756\/revisions"}],"wp:featuredmedia":[{"embeddable":true,"href":"https:\/\/jinhuaceramic.com\/pt\/wp-json\/wp\/v2\/media\/9758"}],"wp:attachment":[{"href":"https:\/\/jinhuaceramic.com\/pt\/wp-json\/wp\/v2\/media?parent=9756"}],"wp:term":[{"taxonomy":"product_brand","embeddable":true,"href":"https:\/\/jinhuaceramic.com\/pt\/wp-json\/wp\/v2\/product_brand?post=9756"},{"taxonomy":"product_cat","embeddable":true,"href":"https:\/\/jinhuaceramic.com\/pt\/wp-json\/wp\/v2\/product_cat?post=9756"},{"taxonomy":"product_tag","embeddable":true,"href":"https:\/\/jinhuaceramic.com\/pt\/wp-json\/wp\/v2\/product_tag?post=9756"}],"curies":[{"name":"wp","href":"https:\/\/api.w.org\/{rel}","templated":true}]}}