{"id":9792,"date":"2025-07-18T01:21:28","date_gmt":"2025-07-18T01:21:28","guid":{"rendered":"https:\/\/jinhuaceramic.com\/?post_type=product&#038;p=9792"},"modified":"2025-07-18T01:21:31","modified_gmt":"2025-07-18T01:21:31","slug":"candle-containers-in-bulk","status":"publish","type":"product","link":"https:\/\/jinhuaceramic.com\/pt\/product\/candle-containers-in-bulk\/","title":{"rendered":"Recipientes para velas modernos a granel, vasos para velas de barro por atacado"},"content":{"rendered":"<div class=\"wp-block-columns is-layout-flex wp-container-core-columns-is-layout-9d6595d7 wp-block-columns-is-layout-flex\">\n<div class=\"wp-block-column is-layout-flow wp-block-column-is-layout-flow\">\n<h3 class=\"wp-block-heading\">Recipientes para velas Premium a granel Carater\u00edsticas:<\/h3>\n\n\n\n<ul class=\"wp-block-list\">\n<li><strong>Design moderno: <\/strong>Os nossos recipientes para velas de cer\u00e2mica a granel t\u00eam uma forma cil\u00edndrica com os mesmos di\u00e2metros superior e inferior, mas ligeiramente apertados no meio, oferecendo um aspeto limpo e arejado. Os frascos t\u00eam uma textura ondulada uniforme no exterior, oferecendo hierarquia visual e tato para evitar que o aspeto geral seja plano.<\/li>\n\n\n\n<li><strong>Variedade de cores: <\/strong>Estes vasos de cer\u00e2mica para velas est\u00e3o dispon\u00edveis numa variedade de cores, incluindo verde claro, amarelo, rosa, castanho, preto, vermelho, cinzento claro, roxo, etc., que podem satisfazer diferentes necessidades de decora\u00e7\u00e3o de casa e prefer\u00eancias est\u00e9ticas.<\/li>\n\n\n\n<li><strong>Material de qualidade: <\/strong>Os nossos recipientes para velas de cer\u00e2mica a granel s\u00e3o feitos de cer\u00e2mica de alta qualidade e de alta temperatura de cozedura. S\u00e3o duradouros e podem suportar a utiliza\u00e7\u00e3o quotidiana sem se riscarem ou partirem.<\/li>\n\n\n\n<li><strong>Versatilidade: <\/strong>Esses potes de vela de cer\u00e2mica por atacado s\u00e3o vers\u00e1teis primeiro como potes de vela de tamanho adequado para criar uma atmosfera calorosa e aconchegante. Estes frascos de cer\u00e2mica tamb\u00e9m podem ser utilizados como frascos de armazenamento de suporte de caneta, frascos de suporte de pincel de maquilhagem, armazenamento de frasco de escova de dentes e assim por diante.<\/li>\n<\/ul>\n<\/div>\n\n\n\n<div class=\"wp-block-column is-layout-flow wp-block-column-is-layout-flow\">\n<figure class=\"wp-block-image size-full\"><img fetchpriority=\"high\" decoding=\"async\" width=\"800\" height=\"800\" src=\"https:\/\/jinhuaceramic.com\/wp-content\/uploads\/2025\/07\/Modern-Candle-Vessel-With-Various-Colors-Custom-Ceramic-Candle-Jars-8.webp\" alt=\"Recipientes para velas modernos a granel, vasos para velas de barro por atacado-1\" class=\"wp-image-9798\" srcset=\"https:\/\/jinhuaceramic.com\/wp-content\/uploads\/2025\/07\/Modern-Candle-Vessel-With-Various-Colors-Custom-Ceramic-Candle-Jars-8.webp 800w, https:\/\/jinhuaceramic.com\/wp-content\/uploads\/2025\/07\/Modern-Candle-Vessel-With-Various-Colors-Custom-Ceramic-Candle-Jars-8-300x300.webp 300w, https:\/\/jinhuaceramic.com\/wp-content\/uploads\/2025\/07\/Modern-Candle-Vessel-With-Various-Colors-Custom-Ceramic-Candle-Jars-8-150x150.webp 150w, https:\/\/jinhuaceramic.com\/wp-content\/uploads\/2025\/07\/Modern-Candle-Vessel-With-Various-Colors-Custom-Ceramic-Candle-Jars-8-768x768.webp 768w, https:\/\/jinhuaceramic.com\/wp-content\/uploads\/2025\/07\/Modern-Candle-Vessel-With-Various-Colors-Custom-Ceramic-Candle-Jars-8-12x12.webp 12w, https:\/\/jinhuaceramic.com\/wp-content\/uploads\/2025\/07\/Modern-Candle-Vessel-With-Various-Colors-Custom-Ceramic-Candle-Jars-8-285x285.webp 285w, https:\/\/jinhuaceramic.com\/wp-content\/uploads\/2025\/07\/Modern-Candle-Vessel-With-Various-Colors-Custom-Ceramic-Candle-Jars-8-270x270.webp 270w, https:\/\/jinhuaceramic.com\/wp-content\/uploads\/2025\/07\/Modern-Candle-Vessel-With-Various-Colors-Custom-Ceramic-Candle-Jars-8-540x540.webp 540w, https:\/\/jinhuaceramic.com\/wp-content\/uploads\/2025\/07\/Modern-Candle-Vessel-With-Various-Colors-Custom-Ceramic-Candle-Jars-8-660x660.webp 660w\" sizes=\"(max-width: 800px) 100vw, 800px\" \/><\/figure>\n<\/div>\n<\/div>","protected":false},"excerpt":{"rendered":"<p>Bem-vindo ao comprar recipientes para velas em cer\u00e2mica a granel. Estes recipientes para velas por atacado t\u00eam um design moderno e est\u00e3o dispon\u00edveis numa vasta gama de cores elegantes. Combinando beleza e car\u00e1cter pr\u00e1tico, s\u00e3o uma excelente escolha para a decora\u00e7\u00e3o da casa.<\/p>","protected":false},"featured_media":9799,"comment_status":"closed","ping_status":"closed","template":"","meta":{"_acf_changed":false},"product_brand":[],"product_cat":[52],"product_tag":[66],"class_list":{"0":"post-9792","1":"product","2":"type-product","3":"status-publish","4":"has-post-thumbnail","6":"product_cat-wholesale-candle-containers","7":"product_tag-candle-jars-wholesale","9":"first","10":"instock","11":"shipping-taxable","12":"product-type-simple"},"acf":[],"_links":{"self":[{"href":"https:\/\/jinhuaceramic.com\/pt\/wp-json\/wp\/v2\/product\/9792","targetHints":{"allow":["GET"]}}],"collection":[{"href":"https:\/\/jinhuaceramic.com\/pt\/wp-json\/wp\/v2\/product"}],"about":[{"href":"https:\/\/jinhuaceramic.com\/pt\/wp-json\/wp\/v2\/types\/product"}],"replies":[{"embeddable":true,"href":"https:\/\/jinhuaceramic.com\/pt\/wp-json\/wp\/v2\/comments?post=9792"}],"version-history":[{"count":0,"href":"https:\/\/jinhuaceramic.com\/pt\/wp-json\/wp\/v2\/product\/9792\/revisions"}],"wp:featuredmedia":[{"embeddable":true,"href":"https:\/\/jinhuaceramic.com\/pt\/wp-json\/wp\/v2\/media\/9799"}],"wp:attachment":[{"href":"https:\/\/jinhuaceramic.com\/pt\/wp-json\/wp\/v2\/media?parent=9792"}],"wp:term":[{"taxonomy":"product_brand","embeddable":true,"href":"https:\/\/jinhuaceramic.com\/pt\/wp-json\/wp\/v2\/product_brand?post=9792"},{"taxonomy":"product_cat","embeddable":true,"href":"https:\/\/jinhuaceramic.com\/pt\/wp-json\/wp\/v2\/product_cat?post=9792"},{"taxonomy":"product_tag","embeddable":true,"href":"https:\/\/jinhuaceramic.com\/pt\/wp-json\/wp\/v2\/product_tag?post=9792"}],"curies":[{"name":"wp","href":"https:\/\/api.w.org\/{rel}","templated":true}]}}