{"id":9821,"date":"2025-07-24T10:03:30","date_gmt":"2025-07-24T10:03:30","guid":{"rendered":"https:\/\/jinhuaceramic.com\/?post_type=product&#038;p=9821"},"modified":"2025-11-12T02:31:47","modified_gmt":"2025-11-12T02:31:47","slug":"customized-bathroom-set","status":"publish","type":"product","link":"https:\/\/jinhuaceramic.com\/pt\/product\/customized-bathroom-set\/","title":{"rendered":"Conjunto de casa de banho moderno personalizado, acess\u00f3rios de casa de banho em cer\u00e2mica por grosso"},"content":{"rendered":"<div class=\"wp-block-columns is-layout-flex wp-container-core-columns-is-layout-9d6595d7 wp-block-columns-is-layout-flex\">\n<div class=\"wp-block-column is-layout-flow wp-block-column-is-layout-flow\">\n<h3 class=\"wp-block-heading\">Premium Modern Customized Bathroom Set&nbsp;Features:<\/h3>\n\n\n\n<ul class=\"wp-block-list\">\n<li><strong>Two-color design:<\/strong> The customized bathroom sets are offered in a classic white and brown combination, aesthetically respectable and with a modern appearance, yet warm and inviting through comfort and natural feel.<\/li>\n\n\n\n<li><strong>Material de alta qualidade:<\/strong> The customized bathroom sets are made of high-quality ceramic materials that are fired at a high temperature so that they are a little hard, durable and will not be scratched or broken easily. They are stronger and have a longer lifespan than the commonly used resin or plastic bathroom accessory materials.<\/li>\n\n\n\n<li><strong>Conjunto completo:<\/strong> This wholesale bathroom accessory set includes a soap dispenser, toothbrush holder, mouthwash cup and soap dish that will be capable of meeting the storage and use needs of daily bathroom items and keep the countertop clean and organized.<\/li>\n\n\n\n<li><strong>Aplica\u00e7\u00e3o em v\u00e1rios cen\u00e1rios: <\/strong>The wholesale ceramic bathroom accessories are not only suitable for home bathrooms, but also for public places such as hotels, SPAs, and clubs to meet different business needs.<\/li>\n<\/ul>\n<\/div>\n\n\n\n<div class=\"wp-block-column is-layout-flow wp-block-column-is-layout-flow\">\n<figure class=\"wp-block-image size-full\"><img fetchpriority=\"high\" decoding=\"async\" width=\"1600\" height=\"1600\" src=\"https:\/\/jinhuaceramic.com\/wp-content\/uploads\/2025\/07\/Modern-Custom-Bathroom-Sets-Ceramic-Bathroom-Accessories-Wholesale-2.webp\" alt=\"modern-customized-bathroom-set-ceramic-bathroom-accessories-wholesale-2\" class=\"wp-image-9822\" srcset=\"https:\/\/jinhuaceramic.com\/wp-content\/uploads\/2025\/07\/Modern-Custom-Bathroom-Sets-Ceramic-Bathroom-Accessories-Wholesale-2.webp 1600w, https:\/\/jinhuaceramic.com\/wp-content\/uploads\/2025\/07\/Modern-Custom-Bathroom-Sets-Ceramic-Bathroom-Accessories-Wholesale-2-300x300.webp 300w, https:\/\/jinhuaceramic.com\/wp-content\/uploads\/2025\/07\/Modern-Custom-Bathroom-Sets-Ceramic-Bathroom-Accessories-Wholesale-2-150x150.webp 150w, https:\/\/jinhuaceramic.com\/wp-content\/uploads\/2025\/07\/Modern-Custom-Bathroom-Sets-Ceramic-Bathroom-Accessories-Wholesale-2-768x768.webp 768w, https:\/\/jinhuaceramic.com\/wp-content\/uploads\/2025\/07\/Modern-Custom-Bathroom-Sets-Ceramic-Bathroom-Accessories-Wholesale-2-12x12.webp 12w, https:\/\/jinhuaceramic.com\/wp-content\/uploads\/2025\/07\/Modern-Custom-Bathroom-Sets-Ceramic-Bathroom-Accessories-Wholesale-2-285x285.webp 285w, https:\/\/jinhuaceramic.com\/wp-content\/uploads\/2025\/07\/Modern-Custom-Bathroom-Sets-Ceramic-Bathroom-Accessories-Wholesale-2-270x270.webp 270w, https:\/\/jinhuaceramic.com\/wp-content\/uploads\/2025\/07\/Modern-Custom-Bathroom-Sets-Ceramic-Bathroom-Accessories-Wholesale-2-540x540.webp 540w, https:\/\/jinhuaceramic.com\/wp-content\/uploads\/2025\/07\/Modern-Custom-Bathroom-Sets-Ceramic-Bathroom-Accessories-Wholesale-2-660x660.webp 660w\" sizes=\"(max-width: 1600px) 100vw, 1600px\" \/><\/figure>\n<\/div>\n<\/div>","protected":false},"excerpt":{"rendered":"<p>Contact us for wholesale purchase of the customized bathroom sets. These ceramic bathroom accessory sets are modern and stylish in looks, and they are complete functional sets. They are manufactured using high-quality ceramic materials and are easy to maintain. They are both functional and beautiful. We provide wholesale services to meet the needs of different sizes and enhance the overall bathroom experience.<\/p>","protected":false},"featured_media":9828,"comment_status":"closed","ping_status":"closed","template":"","meta":{"_acf_changed":false},"product_brand":[],"product_cat":[51],"product_tag":[74],"class_list":{"0":"post-9821","1":"product","2":"type-product","3":"status-publish","4":"has-post-thumbnail","6":"product_cat-bathroom-accessories-wholesale","7":"product_tag-ceramic-bath-accessories-wholesale","9":"first","10":"instock","11":"shipping-taxable","12":"product-type-simple"},"acf":[],"_links":{"self":[{"href":"https:\/\/jinhuaceramic.com\/pt\/wp-json\/wp\/v2\/product\/9821","targetHints":{"allow":["GET"]}}],"collection":[{"href":"https:\/\/jinhuaceramic.com\/pt\/wp-json\/wp\/v2\/product"}],"about":[{"href":"https:\/\/jinhuaceramic.com\/pt\/wp-json\/wp\/v2\/types\/product"}],"replies":[{"embeddable":true,"href":"https:\/\/jinhuaceramic.com\/pt\/wp-json\/wp\/v2\/comments?post=9821"}],"version-history":[{"count":0,"href":"https:\/\/jinhuaceramic.com\/pt\/wp-json\/wp\/v2\/product\/9821\/revisions"}],"wp:featuredmedia":[{"embeddable":true,"href":"https:\/\/jinhuaceramic.com\/pt\/wp-json\/wp\/v2\/media\/9828"}],"wp:attachment":[{"href":"https:\/\/jinhuaceramic.com\/pt\/wp-json\/wp\/v2\/media?parent=9821"}],"wp:term":[{"taxonomy":"product_brand","embeddable":true,"href":"https:\/\/jinhuaceramic.com\/pt\/wp-json\/wp\/v2\/product_brand?post=9821"},{"taxonomy":"product_cat","embeddable":true,"href":"https:\/\/jinhuaceramic.com\/pt\/wp-json\/wp\/v2\/product_cat?post=9821"},{"taxonomy":"product_tag","embeddable":true,"href":"https:\/\/jinhuaceramic.com\/pt\/wp-json\/wp\/v2\/product_tag?post=9821"}],"curies":[{"name":"wp","href":"https:\/\/api.w.org\/{rel}","templated":true}]}}