{"id":9833,"date":"2025-07-24T08:44:48","date_gmt":"2025-07-24T08:44:48","guid":{"rendered":"https:\/\/jinhuaceramic.com\/?post_type=product&#038;p=9833"},"modified":"2025-11-12T03:49:43","modified_gmt":"2025-11-12T03:49:43","slug":"stoneware-baking-dish-custom","status":"publish","type":"product","link":"https:\/\/jinhuaceramic.com\/pt\/product\/stoneware-baking-dish-custom\/","title":{"rendered":"Assadeira de gr\u00e9s personalizada, assadeiras de dois tons por atacado"},"content":{"rendered":"<div class=\"wp-block-columns is-layout-flex wp-container-core-columns-is-layout-9d6595d7 wp-block-columns-is-layout-flex\">\n<div class=\"wp-block-column is-layout-flow wp-block-column-is-layout-flow\">\n<h3 class=\"wp-block-heading\">Prato para ir ao forno em gr\u00e9s premium Carater\u00edsticas personalizadas:<\/h3>\n\n\n\n<ul class=\"wp-block-list\">\n<li><strong>Design em dois tons: <\/strong>A assadeira de gr\u00e9s personalizada assume uma cor cl\u00e1ssica de dois tons, com branco puro na parte superior e castanho torrado na parte inferior, num esquema de cores equilibrado e elegante. Al\u00e9m disso, existe uma pequena mancha assim\u00e9trica no lado branco da assadeira, que confere ao produto um aspeto elegante e em camadas.<\/li>\n\n\n\n<li><strong>Material de gr\u00e9s: <\/strong>A assadeira em gr\u00e9s de alta qualidade distribui o calor de forma muito eficiente, evitando o sobreaquecimento e cozinhando os alimentos uniformemente sem os queimar ou cozinhar mal.<\/li>\n\n\n\n<li><strong>Praticidade robusta:<\/strong> A forma retangular t\u00edpica destas formas de cozer por atacado \u00e9 perfeita para cozer a maior parte dos pratos, como ca\u00e7arolas, lasanha, frango assado, brownies, etc. As pegas grandes e antiderrapantes em ambos os lados da forma proporcionam uma ader\u00eancia confort\u00e1vel e firme, facilitando a transfer\u00eancia da forma mesmo com luvas de forno.<\/li>\n\n\n\n<li><strong>Simples de limpar:<\/strong> Os tabuleiros por atacado s\u00e3o compostos por um esmalte suave que torna os alimentos menos propensos a colar do que os tabuleiros de metal, com uma limpeza f\u00e1cil, normalmente com \u00e1gua e sab\u00e3o.<\/li>\n<\/ul>\n<\/div>\n\n\n\n<div class=\"wp-block-column is-layout-flow wp-block-column-is-layout-flow\">\n<figure class=\"wp-block-image size-full\"><img fetchpriority=\"high\" decoding=\"async\" width=\"1600\" height=\"1600\" src=\"https:\/\/jinhuaceramic.com\/wp-content\/uploads\/2025\/07\/Two-Tone-Food-Service-Baking-Pans-Stoneware-Custom-Baking-Dishes-6.webp\" alt=\"prato para ir ao forno em gr\u00e9s porcel\u00e2nico-personalizado-duas-tomadas-food-service-baking-pans-wholesale-6\" class=\"wp-image-9838\" srcset=\"https:\/\/jinhuaceramic.com\/wp-content\/uploads\/2025\/07\/Two-Tone-Food-Service-Baking-Pans-Stoneware-Custom-Baking-Dishes-6.webp 1600w, https:\/\/jinhuaceramic.com\/wp-content\/uploads\/2025\/07\/Two-Tone-Food-Service-Baking-Pans-Stoneware-Custom-Baking-Dishes-6-300x300.webp 300w, https:\/\/jinhuaceramic.com\/wp-content\/uploads\/2025\/07\/Two-Tone-Food-Service-Baking-Pans-Stoneware-Custom-Baking-Dishes-6-150x150.webp 150w, https:\/\/jinhuaceramic.com\/wp-content\/uploads\/2025\/07\/Two-Tone-Food-Service-Baking-Pans-Stoneware-Custom-Baking-Dishes-6-768x768.webp 768w, https:\/\/jinhuaceramic.com\/wp-content\/uploads\/2025\/07\/Two-Tone-Food-Service-Baking-Pans-Stoneware-Custom-Baking-Dishes-6-12x12.webp 12w, https:\/\/jinhuaceramic.com\/wp-content\/uploads\/2025\/07\/Two-Tone-Food-Service-Baking-Pans-Stoneware-Custom-Baking-Dishes-6-285x285.webp 285w, https:\/\/jinhuaceramic.com\/wp-content\/uploads\/2025\/07\/Two-Tone-Food-Service-Baking-Pans-Stoneware-Custom-Baking-Dishes-6-270x270.webp 270w, https:\/\/jinhuaceramic.com\/wp-content\/uploads\/2025\/07\/Two-Tone-Food-Service-Baking-Pans-Stoneware-Custom-Baking-Dishes-6-540x540.webp 540w, https:\/\/jinhuaceramic.com\/wp-content\/uploads\/2025\/07\/Two-Tone-Food-Service-Baking-Pans-Stoneware-Custom-Baking-Dishes-6-660x660.webp 660w\" sizes=\"(max-width: 1600px) 100vw, 1600px\" \/><\/figure>\n<\/div>\n<\/div>\n\n\n\n<p><\/p>","protected":false},"excerpt":{"rendered":"<p>Bem-vindo a comprar a nossa assadeira de gr\u00e9s personalizada. Estas assadeiras personalizadas s\u00e3o bonitas e elegantes num design de dois tons, e o material de gr\u00e9s de alta qualidade tem um excelente desempenho. Combinando est\u00e9tica e praticidade, estas assadeiras podem atender a v\u00e1rias necessidades de cozinhar e servir, e s\u00e3o a melhor escolha para os entusiastas da panifica\u00e7\u00e3o e aqueles que buscam uma vida de qualidade.<\/p>","protected":false},"featured_media":9841,"comment_status":"closed","ping_status":"closed","template":"","meta":{"_acf_changed":false},"product_brand":[],"product_cat":[53],"product_tag":[71],"class_list":{"0":"post-9833","1":"product","2":"type-product","3":"status-publish","4":"has-post-thumbnail","6":"product_cat-bakeware-in-bulk","7":"product_tag-wholesale-baking-pans","9":"first","10":"instock","11":"shipping-taxable","12":"product-type-simple"},"acf":[],"_links":{"self":[{"href":"https:\/\/jinhuaceramic.com\/pt\/wp-json\/wp\/v2\/product\/9833","targetHints":{"allow":["GET"]}}],"collection":[{"href":"https:\/\/jinhuaceramic.com\/pt\/wp-json\/wp\/v2\/product"}],"about":[{"href":"https:\/\/jinhuaceramic.com\/pt\/wp-json\/wp\/v2\/types\/product"}],"replies":[{"embeddable":true,"href":"https:\/\/jinhuaceramic.com\/pt\/wp-json\/wp\/v2\/comments?post=9833"}],"version-history":[{"count":0,"href":"https:\/\/jinhuaceramic.com\/pt\/wp-json\/wp\/v2\/product\/9833\/revisions"}],"wp:featuredmedia":[{"embeddable":true,"href":"https:\/\/jinhuaceramic.com\/pt\/wp-json\/wp\/v2\/media\/9841"}],"wp:attachment":[{"href":"https:\/\/jinhuaceramic.com\/pt\/wp-json\/wp\/v2\/media?parent=9833"}],"wp:term":[{"taxonomy":"product_brand","embeddable":true,"href":"https:\/\/jinhuaceramic.com\/pt\/wp-json\/wp\/v2\/product_brand?post=9833"},{"taxonomy":"product_cat","embeddable":true,"href":"https:\/\/jinhuaceramic.com\/pt\/wp-json\/wp\/v2\/product_cat?post=9833"},{"taxonomy":"product_tag","embeddable":true,"href":"https:\/\/jinhuaceramic.com\/pt\/wp-json\/wp\/v2\/product_tag?post=9833"}],"curies":[{"name":"wp","href":"https:\/\/api.w.org\/{rel}","templated":true}]}}