{"id":9847,"date":"2025-07-24T10:32:55","date_gmt":"2025-07-24T10:32:55","guid":{"rendered":"https:\/\/jinhuaceramic.com\/?post_type=product&#038;p=9847"},"modified":"2025-11-12T02:21:39","modified_gmt":"2025-11-12T02:21:39","slug":"wholesale-candle-holders-in-bulk","status":"publish","type":"product","link":"https:\/\/jinhuaceramic.com\/pt\/product\/wholesale-candle-holders-in-bulk\/","title":{"rendered":"Casti\u00e7ais brancos por atacado a granel, fornecimento de casti\u00e7ais"},"content":{"rendered":"<div class=\"wp-block-columns is-layout-flex wp-container-core-columns-is-layout-9d6595d7 wp-block-columns-is-layout-flex\">\n<div class=\"wp-block-column is-layout-flow wp-block-column-is-layout-flow\">\n<h3 class=\"wp-block-heading\">Carater\u00edsticas dos casti\u00e7ais por atacado Premium a granel:<\/h3>\n\n\n\n<ul class=\"wp-block-list\">\n<li><strong>Design bonito: <\/strong>Estes casti\u00e7ais personalizados s\u00e3o compostos por uma base c\u00f3nica e um tabuleiro no topo, o que lhes confere um aspeto simples mas elegante. Igualmente importante, a cor branca limpa e neutra torna-os adequados para v\u00e1rios estilos de decora\u00e7\u00e3o e pode criar um ambiente calmo e sereno.<\/li>\n\n\n\n<li><strong>Material resistente ao calor: <\/strong>Estes casti\u00e7ais por atacado a granel s\u00e3o feitos de material cer\u00e2mico de qualidade e cozidos a altas temperaturas, pelo que t\u00eam boa resist\u00eancia ao calor e podem suportar o calor gerado pela queima de velas sem se deformarem ou partirem e s\u00e3o tamb\u00e9m resistentes ao fogo.<\/li>\n\n\n\n<li><strong>Praticidade robusta:<\/strong> A pesada concha de cer\u00e2mica e a base larga e afunilada destes casti\u00e7ais por atacado a granel online tornam-nos mais est\u00e1veis e menos propensos a serem derrubados. O tabuleiro superior largo e pouco profundo proporciona um excelente suporte est\u00e1vel para as velas de pilar e tem uma capacidade de reten\u00e7\u00e3o de gotas, tornando a sua bancada livre de cera.<\/li>\n\n\n\n<li><strong>Conjunto de duas pe\u00e7as:<\/strong> Este casti\u00e7al por atacado \u00e9 vendido em duas pe\u00e7as, cada uma com uma forma diferente. Pode colocar estes casti\u00e7ais juntos numa prateleira, mesa de jantar ou lareira para criar um efeito de camadas e profundidade, dando \u00e0 decora\u00e7\u00e3o um toque mais atraente e art\u00edstico.<\/li>\n<\/ul>\n<\/div>\n\n\n\n<div class=\"wp-block-column is-layout-flow wp-block-column-is-layout-flow\">\n<figure class=\"wp-block-image size-full\"><img fetchpriority=\"high\" decoding=\"async\" width=\"1500\" height=\"1500\" src=\"https:\/\/jinhuaceramic.com\/wp-content\/uploads\/2025\/07\/Nordic-White-Wholesale-Candle-Holders-In-Bulk-Candlestick-Holders-3.webp\" alt=\"nordic-white-wholesale-candle-holders-in-bulk-candlestick-holders-bulk-3\" class=\"wp-image-9849\" srcset=\"https:\/\/jinhuaceramic.com\/wp-content\/uploads\/2025\/07\/Nordic-White-Wholesale-Candle-Holders-In-Bulk-Candlestick-Holders-3.webp 1500w, https:\/\/jinhuaceramic.com\/wp-content\/uploads\/2025\/07\/Nordic-White-Wholesale-Candle-Holders-In-Bulk-Candlestick-Holders-3-300x300.webp 300w, https:\/\/jinhuaceramic.com\/wp-content\/uploads\/2025\/07\/Nordic-White-Wholesale-Candle-Holders-In-Bulk-Candlestick-Holders-3-150x150.webp 150w, https:\/\/jinhuaceramic.com\/wp-content\/uploads\/2025\/07\/Nordic-White-Wholesale-Candle-Holders-In-Bulk-Candlestick-Holders-3-768x768.webp 768w, https:\/\/jinhuaceramic.com\/wp-content\/uploads\/2025\/07\/Nordic-White-Wholesale-Candle-Holders-In-Bulk-Candlestick-Holders-3-12x12.webp 12w, https:\/\/jinhuaceramic.com\/wp-content\/uploads\/2025\/07\/Nordic-White-Wholesale-Candle-Holders-In-Bulk-Candlestick-Holders-3-285x285.webp 285w, https:\/\/jinhuaceramic.com\/wp-content\/uploads\/2025\/07\/Nordic-White-Wholesale-Candle-Holders-In-Bulk-Candlestick-Holders-3-270x270.webp 270w, https:\/\/jinhuaceramic.com\/wp-content\/uploads\/2025\/07\/Nordic-White-Wholesale-Candle-Holders-In-Bulk-Candlestick-Holders-3-540x540.webp 540w, https:\/\/jinhuaceramic.com\/wp-content\/uploads\/2025\/07\/Nordic-White-Wholesale-Candle-Holders-In-Bulk-Candlestick-Holders-3-660x660.webp 660w\" sizes=\"(max-width: 1500px) 100vw, 1500px\" \/><\/figure>\n<\/div>\n<\/div>","protected":false},"excerpt":{"rendered":"<p>Contacte-nos para a compra dos nossos casti\u00e7ais por atacado a granel. Um design simples e elegante de casti\u00e7ais que s\u00e3o feitos de materiais cer\u00e2micos, por isso s\u00e3o resistentes ao calor e f\u00e1ceis de limpar, e a resist\u00eancia ao calor n\u00e3o deve diminuir a sua durabilidade; s\u00e3o est\u00e1veis para usar em qualquer canto que precise, como a sala de estar, a sala de jantar, o quarto, a casa de banho e at\u00e9 mesmo num espa\u00e7o de escrit\u00f3rio como uma atmosfera sedutora de calor e eleg\u00e2ncia.<\/p>","protected":false},"featured_media":9854,"comment_status":"closed","ping_status":"closed","template":"","meta":{"_acf_changed":false},"product_brand":[],"product_cat":[52],"product_tag":[68],"class_list":{"0":"post-9847","1":"product","2":"type-product","3":"status-publish","4":"has-post-thumbnail","6":"product_cat-wholesale-candle-containers","7":"product_tag-ceramic-candlesticks-bulk","9":"first","10":"instock","11":"shipping-taxable","12":"product-type-simple"},"acf":[],"_links":{"self":[{"href":"https:\/\/jinhuaceramic.com\/pt\/wp-json\/wp\/v2\/product\/9847","targetHints":{"allow":["GET"]}}],"collection":[{"href":"https:\/\/jinhuaceramic.com\/pt\/wp-json\/wp\/v2\/product"}],"about":[{"href":"https:\/\/jinhuaceramic.com\/pt\/wp-json\/wp\/v2\/types\/product"}],"replies":[{"embeddable":true,"href":"https:\/\/jinhuaceramic.com\/pt\/wp-json\/wp\/v2\/comments?post=9847"}],"version-history":[{"count":0,"href":"https:\/\/jinhuaceramic.com\/pt\/wp-json\/wp\/v2\/product\/9847\/revisions"}],"wp:featuredmedia":[{"embeddable":true,"href":"https:\/\/jinhuaceramic.com\/pt\/wp-json\/wp\/v2\/media\/9854"}],"wp:attachment":[{"href":"https:\/\/jinhuaceramic.com\/pt\/wp-json\/wp\/v2\/media?parent=9847"}],"wp:term":[{"taxonomy":"product_brand","embeddable":true,"href":"https:\/\/jinhuaceramic.com\/pt\/wp-json\/wp\/v2\/product_brand?post=9847"},{"taxonomy":"product_cat","embeddable":true,"href":"https:\/\/jinhuaceramic.com\/pt\/wp-json\/wp\/v2\/product_cat?post=9847"},{"taxonomy":"product_tag","embeddable":true,"href":"https:\/\/jinhuaceramic.com\/pt\/wp-json\/wp\/v2\/product_tag?post=9847"}],"curies":[{"name":"wp","href":"https:\/\/api.w.org\/{rel}","templated":true}]}}