{"id":9876,"date":"2025-07-31T03:28:36","date_gmt":"2025-07-31T03:28:36","guid":{"rendered":"https:\/\/jinhuaceramic.com\/?post_type=product&#038;p=9876"},"modified":"2025-11-12T01:59:04","modified_gmt":"2025-11-12T01:59:04","slug":"ceramic-candle-vessel-wholesale","status":"publish","type":"product","link":"https:\/\/jinhuaceramic.com\/pt\/product\/ceramic-candle-vessel-wholesale\/","title":{"rendered":"Venda por grosso de recipientes cer\u00e2micos para velas, frascos cer\u00e2micos personalizados para velas"},"content":{"rendered":"<div class=\"wp-block-columns is-layout-flex wp-container-core-columns-is-layout-9d6595d7 wp-block-columns-is-layout-flex\">\n<div class=\"wp-block-column is-layout-flow wp-block-column-is-layout-flow\">\n<h3 class=\"wp-block-heading\">Vaso de vela de cer\u00e2mica premium Carater\u00edsticas por atacado:<\/h3>\n\n\n\n<ul class=\"wp-block-list\">\n<li><strong>Design distinto:<\/strong> The ceramic candle vessel wholesale is designed as a classic mug shape that creates a cozy aesthetic when lit. Both neutral white with saturated red fonts create many mix-matching home decor options.<\/li>\n\n\n\n<li><strong>Uplifting Message:<\/strong> The ceramic candle vessel wholesale is printed with the message, &#8220;be the light this season,&#8221; which evokes an uplifting sentiment. This not only adds character and an emotional element to the ceramic piece that you don&#8217;t get from a container for candles, but it also serves as a thoughtful gift or personal item that uplifts as well.<\/li>\n\n\n\n<li><strong>Material de qualidade: <\/strong>The custom candle vessels are constructed of high-quality ceramic and then subjected to a high firing temperature. This has created a ceramic with a specific hardness and good ability to hold up to high temperatures, so you can burn a candle without worrying about deformations or cracks.<\/li>\n\n\n\n<li><strong>Reutiliz\u00e1vel:<\/strong> Estes recipientes para velas em cer\u00e2mica personalizados s\u00e3o reutiliz\u00e1veis e est\u00e3o em conformidade com o conceito de prote\u00e7\u00e3o ambiental. Quando as velas estiverem queimadas, estes copos de cer\u00e2mica podem ser limpos e reutilizados como copos normais, ou como porta-canetas e frascos de armazenamento para guardar pequenos objectos como chaves e moedas.<\/li>\n<\/ul>\n<\/div>\n\n\n\n<div class=\"wp-block-column is-layout-flow wp-block-column-is-layout-flow\">\n<figure class=\"wp-block-image size-full\"><img fetchpriority=\"high\" decoding=\"async\" width=\"1024\" height=\"1024\" src=\"https:\/\/jinhuaceramic.com\/wp-content\/uploads\/2025\/07\/Wholesale-Empty-Candle-Vessel-With-Mug-Shape-Custom-Ceramic-Candle-Jars-4.webp\" alt=\"vaso para velas de cer\u00e2mica - venda por grosso com forma de caneca - vasos para velas de cer\u00e2mica personalizados - 4\" class=\"wp-image-9879\" srcset=\"https:\/\/jinhuaceramic.com\/wp-content\/uploads\/2025\/07\/Wholesale-Empty-Candle-Vessel-With-Mug-Shape-Custom-Ceramic-Candle-Jars-4.webp 1024w, https:\/\/jinhuaceramic.com\/wp-content\/uploads\/2025\/07\/Wholesale-Empty-Candle-Vessel-With-Mug-Shape-Custom-Ceramic-Candle-Jars-4-300x300.webp 300w, https:\/\/jinhuaceramic.com\/wp-content\/uploads\/2025\/07\/Wholesale-Empty-Candle-Vessel-With-Mug-Shape-Custom-Ceramic-Candle-Jars-4-150x150.webp 150w, https:\/\/jinhuaceramic.com\/wp-content\/uploads\/2025\/07\/Wholesale-Empty-Candle-Vessel-With-Mug-Shape-Custom-Ceramic-Candle-Jars-4-768x768.webp 768w, https:\/\/jinhuaceramic.com\/wp-content\/uploads\/2025\/07\/Wholesale-Empty-Candle-Vessel-With-Mug-Shape-Custom-Ceramic-Candle-Jars-4-12x12.webp 12w, https:\/\/jinhuaceramic.com\/wp-content\/uploads\/2025\/07\/Wholesale-Empty-Candle-Vessel-With-Mug-Shape-Custom-Ceramic-Candle-Jars-4-285x285.webp 285w, https:\/\/jinhuaceramic.com\/wp-content\/uploads\/2025\/07\/Wholesale-Empty-Candle-Vessel-With-Mug-Shape-Custom-Ceramic-Candle-Jars-4-270x270.webp 270w, https:\/\/jinhuaceramic.com\/wp-content\/uploads\/2025\/07\/Wholesale-Empty-Candle-Vessel-With-Mug-Shape-Custom-Ceramic-Candle-Jars-4-540x540.webp 540w, https:\/\/jinhuaceramic.com\/wp-content\/uploads\/2025\/07\/Wholesale-Empty-Candle-Vessel-With-Mug-Shape-Custom-Ceramic-Candle-Jars-4-660x660.webp 660w\" sizes=\"(max-width: 1024px) 100vw, 1024px\" \/><\/figure>\n<\/div>\n<\/div>","protected":false},"excerpt":{"rendered":"<p>Bem-vindo ao comprar o nosso vaso de cer\u00e2mica para velas por grosso. Estes recipientes para velas s\u00e3o populares no mercado devido ao seu design \u00fanico de caneca, mensagem calorosa, material seguro e dur\u00e1vel e carater\u00edsticas reutiliz\u00e1veis. Estes recipientes para velas n\u00e3o s\u00f3 podem ser usados como recipientes para velas para criar romance, mas tamb\u00e9m como ornamentos decorativos \u00fanicos, adequados para uma variedade de cenas, satisfazendo as necessidades de beleza e sustento emocional das pessoas, pr\u00e1ticos e elegantes.<\/p>","protected":false},"featured_media":9879,"comment_status":"closed","ping_status":"closed","template":"","meta":{"_acf_changed":false},"product_brand":[],"product_cat":[52],"product_tag":[66],"class_list":{"0":"post-9876","1":"product","2":"type-product","3":"status-publish","4":"has-post-thumbnail","6":"product_cat-wholesale-candle-containers","7":"product_tag-candle-jars-wholesale","9":"first","10":"instock","11":"shipping-taxable","12":"product-type-simple"},"acf":[],"_links":{"self":[{"href":"https:\/\/jinhuaceramic.com\/pt\/wp-json\/wp\/v2\/product\/9876","targetHints":{"allow":["GET"]}}],"collection":[{"href":"https:\/\/jinhuaceramic.com\/pt\/wp-json\/wp\/v2\/product"}],"about":[{"href":"https:\/\/jinhuaceramic.com\/pt\/wp-json\/wp\/v2\/types\/product"}],"replies":[{"embeddable":true,"href":"https:\/\/jinhuaceramic.com\/pt\/wp-json\/wp\/v2\/comments?post=9876"}],"version-history":[{"count":0,"href":"https:\/\/jinhuaceramic.com\/pt\/wp-json\/wp\/v2\/product\/9876\/revisions"}],"wp:featuredmedia":[{"embeddable":true,"href":"https:\/\/jinhuaceramic.com\/pt\/wp-json\/wp\/v2\/media\/9879"}],"wp:attachment":[{"href":"https:\/\/jinhuaceramic.com\/pt\/wp-json\/wp\/v2\/media?parent=9876"}],"wp:term":[{"taxonomy":"product_brand","embeddable":true,"href":"https:\/\/jinhuaceramic.com\/pt\/wp-json\/wp\/v2\/product_brand?post=9876"},{"taxonomy":"product_cat","embeddable":true,"href":"https:\/\/jinhuaceramic.com\/pt\/wp-json\/wp\/v2\/product_cat?post=9876"},{"taxonomy":"product_tag","embeddable":true,"href":"https:\/\/jinhuaceramic.com\/pt\/wp-json\/wp\/v2\/product_tag?post=9876"}],"curies":[{"name":"wp","href":"https:\/\/api.w.org\/{rel}","templated":true}]}}