{"id":9886,"date":"2025-07-31T02:51:49","date_gmt":"2025-07-31T02:51:49","guid":{"rendered":"https:\/\/jinhuaceramic.com\/?post_type=product&#038;p=9886"},"modified":"2025-11-12T03:48:03","modified_gmt":"2025-11-12T03:48:03","slug":"ceramic-palo-santo-holder-wholesale","status":"publish","type":"product","link":"https:\/\/jinhuaceramic.com\/pt\/product\/ceramic-palo-santo-holder-wholesale\/","title":{"rendered":"Suporte de Palo Santo em cer\u00e2mica por atacado, Queimador de incenso personalizado"},"content":{"rendered":"<div class=\"wp-block-columns is-layout-flex wp-container-core-columns-is-layout-9d6595d7 wp-block-columns-is-layout-flex\">\n<div class=\"wp-block-column is-layout-flow wp-block-column-is-layout-flow\">\n<h3 class=\"wp-block-heading\">Suporte para Palo Santo em cer\u00e2mica de qualidade superior Venda por atacado Carater\u00edsticas:<\/h3>\n\n\n\n<ul class=\"wp-block-list\">\n<li><strong>Design elegante:<\/strong> Estes suportes para palo santo em cer\u00e2mica s\u00e3o vers\u00e1teis, em branco e com tampa preta, uma combina\u00e7\u00e3o de cores cl\u00e1ssica e elegante. A parte esbranqui\u00e7ada tem pequenas manchas irregulares, dando um toque de rusticidade e camadas ao produto.<\/li>\n\n\n\n<li><strong>Material duradouro: <\/strong>Estes queimadores de incenso personalizados s\u00e3o feitos de materiais cer\u00e2micos de alta qualidade que s\u00e3o cozidos a altas temperaturas. S\u00e3o robustos, duradouros e resistentes ao calor, e podem conter com seguran\u00e7a o Palo Santo, a salva, etc.<\/li>\n\n\n\n<li><strong>Pormenores pr\u00e1ticos: <\/strong>Este suporte para palo santo em cer\u00e2mica tem uma abertura estreita na parte superior, concebida para direcionar o fumo para cima, emitindo um aroma calmante que ajuda ao relaxamento e \u00e0 medita\u00e7\u00e3o. Tr\u00eas pequenos p\u00e9s na parte inferior aumentam a estabilidade, tornando-o menos suscet\u00edvel de tombar, ao mesmo tempo que elevam o corpo principal para evitar que o calor seja transferido diretamente para o tampo da mesa.<\/li>\n\n\n\n<li><strong>F\u00e1cil de limpar: <\/strong>Estes queimadores de cer\u00e2mica t\u00eam um design interior simples e a tampa superior pode ser facilmente removida para facilitar a limpeza das cinzas. O material cer\u00e2mico \u00e9 liso, pelo que \u00e9 f\u00e1cil de limpar e manter.<\/li>\n<\/ul>\n<\/div>\n\n\n\n<div class=\"wp-block-column is-layout-flow wp-block-column-is-layout-flow\">\n<figure class=\"wp-block-image size-full\"><img fetchpriority=\"high\" decoding=\"async\" width=\"1500\" height=\"1500\" src=\"https:\/\/jinhuaceramic.com\/wp-content\/uploads\/2025\/07\/Wholesale-Palo-Santo-Holder-With-Removable-Lid-Ceramic-Smudge-Sage-Burner-2.webp\" alt=\"porta-cer\u00e2mica-palo-santo-holesale-com-tampa-remov\u00edvel-custom-incense-burner-2\" class=\"wp-image-9887\" srcset=\"https:\/\/jinhuaceramic.com\/wp-content\/uploads\/2025\/07\/Wholesale-Palo-Santo-Holder-With-Removable-Lid-Ceramic-Smudge-Sage-Burner-2.webp 1500w, https:\/\/jinhuaceramic.com\/wp-content\/uploads\/2025\/07\/Wholesale-Palo-Santo-Holder-With-Removable-Lid-Ceramic-Smudge-Sage-Burner-2-300x300.webp 300w, https:\/\/jinhuaceramic.com\/wp-content\/uploads\/2025\/07\/Wholesale-Palo-Santo-Holder-With-Removable-Lid-Ceramic-Smudge-Sage-Burner-2-150x150.webp 150w, https:\/\/jinhuaceramic.com\/wp-content\/uploads\/2025\/07\/Wholesale-Palo-Santo-Holder-With-Removable-Lid-Ceramic-Smudge-Sage-Burner-2-768x768.webp 768w, https:\/\/jinhuaceramic.com\/wp-content\/uploads\/2025\/07\/Wholesale-Palo-Santo-Holder-With-Removable-Lid-Ceramic-Smudge-Sage-Burner-2-12x12.webp 12w, https:\/\/jinhuaceramic.com\/wp-content\/uploads\/2025\/07\/Wholesale-Palo-Santo-Holder-With-Removable-Lid-Ceramic-Smudge-Sage-Burner-2-285x285.webp 285w, https:\/\/jinhuaceramic.com\/wp-content\/uploads\/2025\/07\/Wholesale-Palo-Santo-Holder-With-Removable-Lid-Ceramic-Smudge-Sage-Burner-2-270x270.webp 270w, https:\/\/jinhuaceramic.com\/wp-content\/uploads\/2025\/07\/Wholesale-Palo-Santo-Holder-With-Removable-Lid-Ceramic-Smudge-Sage-Burner-2-540x540.webp 540w, https:\/\/jinhuaceramic.com\/wp-content\/uploads\/2025\/07\/Wholesale-Palo-Santo-Holder-With-Removable-Lid-Ceramic-Smudge-Sage-Burner-2-660x660.webp 660w\" sizes=\"(max-width: 1500px) 100vw, 1500px\" \/><\/figure>\n<\/div>\n<\/div>","protected":false},"excerpt":{"rendered":"<div class=\"highlights-border-container\" data-v-df95d256=\"\"><span class=\"highlights\" data-v-df95d256=\"\">Bem-vindo a comprar o nosso queimador de incenso personalizado. Estes porta-incensos de cer\u00e2mica Palo Santo s\u00e3o populares entre os consumidores devido \u00e0 sua apar\u00eancia \u00fanica e elegante, material dur\u00e1vel e resistente ao calor, detalhes pr\u00e1ticos e limpeza f\u00e1cil. Combinando praticidade e beleza, estes suportes de Palo Santo podem queimar Palo Santo, s\u00e1lvia, etc., o que \u00e9 muito adequado para aromaterapia e tamb\u00e9m pode adicionar um sentido de estilo \u00e0 decora\u00e7\u00e3o da casa.<\/span><\/div>\n<div class=\"text-stats\" data-v-df95d256=\"\">\u00a0<\/div>\n<p><script src=\"chrome-extension:\/\/fpelahbljekknahkcaegamhcndkfpfnc\/iFrame.js\" type=\"text\/javascript\"><\/script><\/p>","protected":false},"featured_media":9889,"comment_status":"closed","ping_status":"closed","template":"","meta":{"_acf_changed":false},"product_brand":[],"product_cat":[52],"product_tag":[67,66],"class_list":{"0":"post-9886","1":"product","2":"type-product","3":"status-publish","4":"has-post-thumbnail","6":"product_cat-wholesale-candle-containers","7":"product_tag-bulk-candle-jars-with-lids","8":"product_tag-candle-jars-wholesale","10":"first","11":"instock","12":"shipping-taxable","13":"product-type-simple"},"acf":[],"_links":{"self":[{"href":"https:\/\/jinhuaceramic.com\/pt\/wp-json\/wp\/v2\/product\/9886","targetHints":{"allow":["GET"]}}],"collection":[{"href":"https:\/\/jinhuaceramic.com\/pt\/wp-json\/wp\/v2\/product"}],"about":[{"href":"https:\/\/jinhuaceramic.com\/pt\/wp-json\/wp\/v2\/types\/product"}],"replies":[{"embeddable":true,"href":"https:\/\/jinhuaceramic.com\/pt\/wp-json\/wp\/v2\/comments?post=9886"}],"version-history":[{"count":0,"href":"https:\/\/jinhuaceramic.com\/pt\/wp-json\/wp\/v2\/product\/9886\/revisions"}],"wp:featuredmedia":[{"embeddable":true,"href":"https:\/\/jinhuaceramic.com\/pt\/wp-json\/wp\/v2\/media\/9889"}],"wp:attachment":[{"href":"https:\/\/jinhuaceramic.com\/pt\/wp-json\/wp\/v2\/media?parent=9886"}],"wp:term":[{"taxonomy":"product_brand","embeddable":true,"href":"https:\/\/jinhuaceramic.com\/pt\/wp-json\/wp\/v2\/product_brand?post=9886"},{"taxonomy":"product_cat","embeddable":true,"href":"https:\/\/jinhuaceramic.com\/pt\/wp-json\/wp\/v2\/product_cat?post=9886"},{"taxonomy":"product_tag","embeddable":true,"href":"https:\/\/jinhuaceramic.com\/pt\/wp-json\/wp\/v2\/product_tag?post=9886"}],"curies":[{"name":"wp","href":"https:\/\/api.w.org\/{rel}","templated":true}]}}