{"id":9895,"date":"2025-07-31T02:24:09","date_gmt":"2025-07-31T02:24:09","guid":{"rendered":"https:\/\/jinhuaceramic.com\/?post_type=product&#038;p=9895"},"modified":"2025-11-12T03:48:47","modified_gmt":"2025-11-12T03:48:47","slug":"custom-ceramic-baking-dish","status":"publish","type":"product","link":"https:\/\/jinhuaceramic.com\/pt\/product\/custom-ceramic-baking-dish\/","title":{"rendered":"Assadeira de cer\u00e2mica personalizada a granel com padr\u00e3o em relevo"},"content":{"rendered":"<div class=\"wp-block-columns is-layout-flex wp-container-core-columns-is-layout-9d6595d7 wp-block-columns-is-layout-flex\">\n<div class=\"wp-block-column is-layout-flow wp-block-column-is-layout-flow\">\n<h3 class=\"wp-block-heading\">Premium Custom Ceramic Baking Dish\u00a0Features:<\/h3>\n\n\n\n<ul class=\"wp-block-list\">\n<li><strong>Elegant Colours: <\/strong>The main body colour of the custom ceramic baking dish is pale cream, which gives it a warm and cozy look. Dark brown borders and handles provide contrast to the cream colour and give it a vintage and elegant look.<\/li>\n\n\n\n<li><strong>Embossed Designs:<\/strong> These wholesale bakeware utensils feature lovely embossed flower patterns on the exterior sides, which provides them with a tactile in addition to a visual depth and three-dimensionality, making them appear like more decorative objects than ordinary kitchen tools.<\/li>\n\n\n\n<li><strong>Material de alta qualidade: <\/strong>High-temperature firing of top-class ceramic material is utilized to produce such custom ceramic baking dishes. They are accordingly heat-proof and can safely be baked in the oven, and can sustain high-temperature baking without bending or cracking.<\/li>\n\n\n\n<li><strong>Muito pr\u00e1tico: <\/strong>They are designed in a classic rectangular shape, perfect for baking lasagna, roasts, or brownies. They have side handles to conveniently pick up and transfer the pans. The wholesale ceramic baking pans are easy to clean with a smooth surface.<\/li>\n<\/ul>\n<\/div>\n\n\n\n<div class=\"wp-block-column is-layout-flow wp-block-column-is-layout-flow\">\n<figure class=\"wp-block-image size-full\"><img fetchpriority=\"high\" decoding=\"async\" width=\"1600\" height=\"1600\" src=\"https:\/\/jinhuaceramic.com\/wp-content\/uploads\/2025\/07\/Custom-Baking-Dish-with-Embossed-Pattern-Wholesale-Ceramic-Bakeware-4.webp\" alt=\"assadeira de cer\u00e2mica personalizada com padr\u00e3o em relevo - venda por grosso de assadeiras de cer\u00e2mica - 4\" class=\"wp-image-9898\" srcset=\"https:\/\/jinhuaceramic.com\/wp-content\/uploads\/2025\/07\/Custom-Baking-Dish-with-Embossed-Pattern-Wholesale-Ceramic-Bakeware-4.webp 1600w, https:\/\/jinhuaceramic.com\/wp-content\/uploads\/2025\/07\/Custom-Baking-Dish-with-Embossed-Pattern-Wholesale-Ceramic-Bakeware-4-300x300.webp 300w, https:\/\/jinhuaceramic.com\/wp-content\/uploads\/2025\/07\/Custom-Baking-Dish-with-Embossed-Pattern-Wholesale-Ceramic-Bakeware-4-150x150.webp 150w, https:\/\/jinhuaceramic.com\/wp-content\/uploads\/2025\/07\/Custom-Baking-Dish-with-Embossed-Pattern-Wholesale-Ceramic-Bakeware-4-768x768.webp 768w, https:\/\/jinhuaceramic.com\/wp-content\/uploads\/2025\/07\/Custom-Baking-Dish-with-Embossed-Pattern-Wholesale-Ceramic-Bakeware-4-12x12.webp 12w, https:\/\/jinhuaceramic.com\/wp-content\/uploads\/2025\/07\/Custom-Baking-Dish-with-Embossed-Pattern-Wholesale-Ceramic-Bakeware-4-285x285.webp 285w, https:\/\/jinhuaceramic.com\/wp-content\/uploads\/2025\/07\/Custom-Baking-Dish-with-Embossed-Pattern-Wholesale-Ceramic-Bakeware-4-270x270.webp 270w, https:\/\/jinhuaceramic.com\/wp-content\/uploads\/2025\/07\/Custom-Baking-Dish-with-Embossed-Pattern-Wholesale-Ceramic-Bakeware-4-540x540.webp 540w, https:\/\/jinhuaceramic.com\/wp-content\/uploads\/2025\/07\/Custom-Baking-Dish-with-Embossed-Pattern-Wholesale-Ceramic-Bakeware-4-660x660.webp 660w\" sizes=\"(max-width: 1600px) 100vw, 1600px\" \/><\/figure>\n<\/div>\n<\/div>","protected":false},"excerpt":{"rendered":"<p>Welcome to purchase our custom ceramic baking dish. The rectangular baking dishes with handles are good quality ceramic material with a good baking effect, which is a must-have baking tool in the kitchen. At the same time, the baking dishes also have harmonious color matching and a delicate embossed pattern, so they can be directly put on the table, making the dinner more interesting.<\/p>\n<p><script src=\"chrome-extension:\/\/fpelahbljekknahkcaegamhcndkfpfnc\/iFrame.js\" type=\"text\/javascript\"><\/script><\/p>","protected":false},"featured_media":9899,"comment_status":"closed","ping_status":"closed","template":"","meta":{"_acf_changed":false},"product_brand":[],"product_cat":[53],"product_tag":[71],"class_list":{"0":"post-9895","1":"product","2":"type-product","3":"status-publish","4":"has-post-thumbnail","6":"product_cat-bakeware-in-bulk","7":"product_tag-wholesale-baking-pans","9":"first","10":"instock","11":"shipping-taxable","12":"product-type-simple"},"acf":[],"_links":{"self":[{"href":"https:\/\/jinhuaceramic.com\/pt\/wp-json\/wp\/v2\/product\/9895","targetHints":{"allow":["GET"]}}],"collection":[{"href":"https:\/\/jinhuaceramic.com\/pt\/wp-json\/wp\/v2\/product"}],"about":[{"href":"https:\/\/jinhuaceramic.com\/pt\/wp-json\/wp\/v2\/types\/product"}],"replies":[{"embeddable":true,"href":"https:\/\/jinhuaceramic.com\/pt\/wp-json\/wp\/v2\/comments?post=9895"}],"version-history":[{"count":0,"href":"https:\/\/jinhuaceramic.com\/pt\/wp-json\/wp\/v2\/product\/9895\/revisions"}],"wp:featuredmedia":[{"embeddable":true,"href":"https:\/\/jinhuaceramic.com\/pt\/wp-json\/wp\/v2\/media\/9899"}],"wp:attachment":[{"href":"https:\/\/jinhuaceramic.com\/pt\/wp-json\/wp\/v2\/media?parent=9895"}],"wp:term":[{"taxonomy":"product_brand","embeddable":true,"href":"https:\/\/jinhuaceramic.com\/pt\/wp-json\/wp\/v2\/product_brand?post=9895"},{"taxonomy":"product_cat","embeddable":true,"href":"https:\/\/jinhuaceramic.com\/pt\/wp-json\/wp\/v2\/product_cat?post=9895"},{"taxonomy":"product_tag","embeddable":true,"href":"https:\/\/jinhuaceramic.com\/pt\/wp-json\/wp\/v2\/product_tag?post=9895"}],"curies":[{"name":"wp","href":"https:\/\/api.w.org\/{rel}","templated":true}]}}