{"id":9907,"date":"2025-07-31T01:39:50","date_gmt":"2025-07-31T01:39:50","guid":{"rendered":"https:\/\/jinhuaceramic.com\/?post_type=product&#038;p=9907"},"modified":"2025-11-12T03:49:14","modified_gmt":"2025-11-12T03:49:14","slug":"custom-candle-vessels","status":"publish","type":"product","link":"https:\/\/jinhuaceramic.com\/pt\/product\/custom-candle-vessels\/","title":{"rendered":"Recipientes para velas personalizados minimalistas, frascos para velas de cer\u00e2mica a granel"},"content":{"rendered":"<div class=\"wp-block-columns is-layout-flex wp-container-core-columns-is-layout-9d6595d7 wp-block-columns-is-layout-flex\">\n<div class=\"wp-block-column is-layout-flow wp-block-column-is-layout-flow\">\n<h3 class=\"wp-block-heading\">Carater\u00edsticas dos recipientes para velas personalizados minimalistas Premium:<\/h3>\n\n\n\n<ul class=\"wp-block-list\">\n<li><strong>Estilo minimalista:<\/strong> Estes frascos de velas para venda por grosso t\u00eam um estilo minimalista, sem frescuras adicionais, pelo que se misturam com qualquer decora\u00e7\u00e3o. Est\u00e3o dispon\u00edveis em duas cores mate: branco puro e castanho-avermelhado terroso, dando um aspeto mais subtil e luxuoso do que os acabamentos brilhantes.<\/li>\n\n\n\n<li><strong>Pormenores geom\u00e9tricos: <\/strong>Estes recipientes para velas personalizados apresentam uma \u00e1rea lateral retangular rebaixada que interrompe a monotonia do frasco e lhe confere um toque contempor\u00e2neo e moderno. A \u00e1rea rebaixada tamb\u00e9m pode ser usada para afixar uma etiqueta personalizada, o que acrescenta outro n\u00edvel de personaliza\u00e7\u00e3o ao produto.<\/li>\n\n\n\n<li><strong>Material cer\u00e2mico duradouro:<\/strong> Estes recipientes para velas personalizados s\u00e3o feitos de material cer\u00e2mico resistente a altas temperaturas, que \u00e9 forte e duradouro, n\u00e3o se risca nem parte facilmente e tem uma longa vida \u00fatil.<\/li>\n\n\n\n<li><strong>Reutiliz\u00e1vel:<\/strong> Para al\u00e9m de serem recipientes para velas, estes frascos de cer\u00e2mica para velas podem ser lavados quando a vela se apaga e reutilizados como suporte para canetas, suporte para pinc\u00e9is de maquilhagem, suporte para escovas de dentes ou como um pequeno vaso de flores.<\/li>\n<\/ul>\n<\/div>\n\n\n\n<div class=\"wp-block-column is-layout-flow wp-block-column-is-layout-flow\">\n<figure class=\"wp-block-image size-full\"><img fetchpriority=\"high\" decoding=\"async\" width=\"798\" height=\"798\" src=\"https:\/\/jinhuaceramic.com\/wp-content\/uploads\/2025\/07\/Minimalist-Custom-Candle-Making-Containers-Wholesale-Candle-Jars-Empty-Bulk-4.webp\" alt=\"minimalist-custom-candle-vessels-wholesale-ceramic-candle-jars-empty-bulk-4\" class=\"wp-image-9910\" srcset=\"https:\/\/jinhuaceramic.com\/wp-content\/uploads\/2025\/07\/Minimalist-Custom-Candle-Making-Containers-Wholesale-Candle-Jars-Empty-Bulk-4.webp 798w, https:\/\/jinhuaceramic.com\/wp-content\/uploads\/2025\/07\/Minimalist-Custom-Candle-Making-Containers-Wholesale-Candle-Jars-Empty-Bulk-4-300x300.webp 300w, https:\/\/jinhuaceramic.com\/wp-content\/uploads\/2025\/07\/Minimalist-Custom-Candle-Making-Containers-Wholesale-Candle-Jars-Empty-Bulk-4-150x150.webp 150w, https:\/\/jinhuaceramic.com\/wp-content\/uploads\/2025\/07\/Minimalist-Custom-Candle-Making-Containers-Wholesale-Candle-Jars-Empty-Bulk-4-768x768.webp 768w, https:\/\/jinhuaceramic.com\/wp-content\/uploads\/2025\/07\/Minimalist-Custom-Candle-Making-Containers-Wholesale-Candle-Jars-Empty-Bulk-4-12x12.webp 12w, https:\/\/jinhuaceramic.com\/wp-content\/uploads\/2025\/07\/Minimalist-Custom-Candle-Making-Containers-Wholesale-Candle-Jars-Empty-Bulk-4-285x285.webp 285w, https:\/\/jinhuaceramic.com\/wp-content\/uploads\/2025\/07\/Minimalist-Custom-Candle-Making-Containers-Wholesale-Candle-Jars-Empty-Bulk-4-270x270.webp 270w, https:\/\/jinhuaceramic.com\/wp-content\/uploads\/2025\/07\/Minimalist-Custom-Candle-Making-Containers-Wholesale-Candle-Jars-Empty-Bulk-4-540x540.webp 540w, https:\/\/jinhuaceramic.com\/wp-content\/uploads\/2025\/07\/Minimalist-Custom-Candle-Making-Containers-Wholesale-Candle-Jars-Empty-Bulk-4-660x660.webp 660w\" sizes=\"(max-width: 798px) 100vw, 798px\" \/><\/figure>\n<\/div>\n<\/div>","protected":false},"excerpt":{"rendered":"<p>Bem-vindo ao comprar os nossos recipientes para velas personalizados. Os frascos de cer\u00e2mica para velas, resistentes ao calor, s\u00f3lidos e reutiliz\u00e1veis, s\u00e3o o recipiente perfeito para velas. A forma simples aliada ao ornamento geom\u00e9trico d\u00e1 \u00e0 divis\u00e3o um toque de eleg\u00e2ncia e arte, tornando o interior quente e acolhedor.<\/p>\n<p><script src=\"chrome-extension:\/\/fpelahbljekknahkcaegamhcndkfpfnc\/iFrame.js\" type=\"text\/javascript\"><\/script><\/p>\n<p><script src=\"chrome-extension:\/\/fpelahbljekknahkcaegamhcndkfpfnc\/iFrame.js\" type=\"text\/javascript\"><\/script><\/p>","protected":false},"featured_media":9915,"comment_status":"closed","ping_status":"closed","template":"","meta":{"_acf_changed":false},"product_brand":[],"product_cat":[52],"product_tag":[68],"class_list":{"0":"post-9907","1":"product","2":"type-product","3":"status-publish","4":"has-post-thumbnail","6":"product_cat-wholesale-candle-containers","7":"product_tag-ceramic-candlesticks-bulk","9":"first","10":"instock","11":"shipping-taxable","12":"product-type-simple"},"acf":[],"_links":{"self":[{"href":"https:\/\/jinhuaceramic.com\/pt\/wp-json\/wp\/v2\/product\/9907","targetHints":{"allow":["GET"]}}],"collection":[{"href":"https:\/\/jinhuaceramic.com\/pt\/wp-json\/wp\/v2\/product"}],"about":[{"href":"https:\/\/jinhuaceramic.com\/pt\/wp-json\/wp\/v2\/types\/product"}],"replies":[{"embeddable":true,"href":"https:\/\/jinhuaceramic.com\/pt\/wp-json\/wp\/v2\/comments?post=9907"}],"version-history":[{"count":0,"href":"https:\/\/jinhuaceramic.com\/pt\/wp-json\/wp\/v2\/product\/9907\/revisions"}],"wp:featuredmedia":[{"embeddable":true,"href":"https:\/\/jinhuaceramic.com\/pt\/wp-json\/wp\/v2\/media\/9915"}],"wp:attachment":[{"href":"https:\/\/jinhuaceramic.com\/pt\/wp-json\/wp\/v2\/media?parent=9907"}],"wp:term":[{"taxonomy":"product_brand","embeddable":true,"href":"https:\/\/jinhuaceramic.com\/pt\/wp-json\/wp\/v2\/product_brand?post=9907"},{"taxonomy":"product_cat","embeddable":true,"href":"https:\/\/jinhuaceramic.com\/pt\/wp-json\/wp\/v2\/product_cat?post=9907"},{"taxonomy":"product_tag","embeddable":true,"href":"https:\/\/jinhuaceramic.com\/pt\/wp-json\/wp\/v2\/product_tag?post=9907"}],"curies":[{"name":"wp","href":"https:\/\/api.w.org\/{rel}","templated":true}]}}