{"id":9944,"date":"2025-08-07T01:39:39","date_gmt":"2025-08-07T01:39:39","guid":{"rendered":"https:\/\/jinhuaceramic.com\/?post_type=product&#038;p=9944"},"modified":"2025-11-12T01:48:46","modified_gmt":"2025-11-12T01:48:46","slug":"candle-holder-bulk","status":"publish","type":"product","link":"https:\/\/jinhuaceramic.com\/pt\/product\/candle-holder-bulk\/","title":{"rendered":"Suporte de vela \u00fanico a granel, Fornecimento de vasos de vela em cer\u00e2mica"},"content":{"rendered":"<div class=\"wp-block-columns is-layout-flex wp-container-core-columns-is-layout-9d6595d7 wp-block-columns-is-layout-flex\">\n<div class=\"wp-block-column is-layout-flow wp-block-column-is-layout-flow\">\n<h3 class=\"wp-block-heading\">Suporte de vela exclusivo Premium Carater\u00edsticas a granel:<\/h3>\n\n\n\n<ul class=\"wp-block-list\">\n<li><strong>Design \u00fanico:<\/strong> Estes casti\u00e7ais de luz de ch\u00e1 a granel n\u00e3o t\u00eam formas geom\u00e9tricas regulares, mas apresentam curvas suaves, semelhantes a seixos cortados, com arcos graciosos, dando \u00e0s pessoas uma beleza natural e suave. Cada casti\u00e7al tem uma textura de ranhura em espiral num dos lados, acrescentando uma camada visual e t\u00e1til, tornando-o mais refinado.<\/li>\n\n\n\n<li><strong>V\u00e1rias cores: <\/strong>O casti\u00e7al de luz de ch\u00e1 a granel est\u00e1 dispon\u00edvel em v\u00e1rios tons suaves: castanho, verde menta, branco e amarelo mostarda. Estas s\u00e3o cores neutras e suaves que complementam diferentes esquemas de decora\u00e7\u00e3o da casa.<\/li>\n\n\n\n<li><strong>Material de alta qualidade: <\/strong>Estes recipientes para velas personalizados s\u00e3o feitos de material cer\u00e2mico de alta qualidade e cozidos a alta temperatura, pelo que t\u00eam uma certa dureza e resist\u00eancia ao calor. Podem resistir ao calor das velas acesas e n\u00e3o se deformam ou racham facilmente.<\/li>\n\n\n\n<li><strong>Criar uma atmosfera confort\u00e1vel: <\/strong>Estes recipientes para velas de cer\u00e2mica para venda por grosso s\u00e3o bem concebidos. Uma vez que uma vela de luz de ch\u00e1 \u00e9 colocada no interior, o casti\u00e7al dispensar\u00e1 uma luz de vela suave atrav\u00e9s de um buraco no casti\u00e7al e dispersar\u00e1 o cheiro da aromaterapia atrav\u00e9s do casti\u00e7al e no ambiente, estabelecendo um ambiente acolhedor, calmante e quente.<\/li>\n<\/ul>\n<\/div>\n\n\n\n<div class=\"wp-block-column is-layout-flow wp-block-column-is-layout-flow\">\n<figure class=\"wp-block-image size-full\"><img fetchpriority=\"high\" decoding=\"async\" width=\"1200\" height=\"1200\" src=\"https:\/\/jinhuaceramic.com\/wp-content\/uploads\/2025\/07\/Unique-Tea-Light-Candle-Holders-Bulk-Small-Wedding-Candle-Holders-Wholesale.webp\" alt=\"porta-velas exclusivo-tea-light-bulk-small-wedding-candle-holders-wholesale-1\" class=\"wp-image-9950\" srcset=\"https:\/\/jinhuaceramic.com\/wp-content\/uploads\/2025\/07\/Unique-Tea-Light-Candle-Holders-Bulk-Small-Wedding-Candle-Holders-Wholesale.webp 1200w, https:\/\/jinhuaceramic.com\/wp-content\/uploads\/2025\/07\/Unique-Tea-Light-Candle-Holders-Bulk-Small-Wedding-Candle-Holders-Wholesale-300x300.webp 300w, https:\/\/jinhuaceramic.com\/wp-content\/uploads\/2025\/07\/Unique-Tea-Light-Candle-Holders-Bulk-Small-Wedding-Candle-Holders-Wholesale-150x150.webp 150w, https:\/\/jinhuaceramic.com\/wp-content\/uploads\/2025\/07\/Unique-Tea-Light-Candle-Holders-Bulk-Small-Wedding-Candle-Holders-Wholesale-768x768.webp 768w, https:\/\/jinhuaceramic.com\/wp-content\/uploads\/2025\/07\/Unique-Tea-Light-Candle-Holders-Bulk-Small-Wedding-Candle-Holders-Wholesale-12x12.webp 12w, https:\/\/jinhuaceramic.com\/wp-content\/uploads\/2025\/07\/Unique-Tea-Light-Candle-Holders-Bulk-Small-Wedding-Candle-Holders-Wholesale-285x285.webp 285w, https:\/\/jinhuaceramic.com\/wp-content\/uploads\/2025\/07\/Unique-Tea-Light-Candle-Holders-Bulk-Small-Wedding-Candle-Holders-Wholesale-270x270.webp 270w, https:\/\/jinhuaceramic.com\/wp-content\/uploads\/2025\/07\/Unique-Tea-Light-Candle-Holders-Bulk-Small-Wedding-Candle-Holders-Wholesale-540x540.webp 540w, https:\/\/jinhuaceramic.com\/wp-content\/uploads\/2025\/07\/Unique-Tea-Light-Candle-Holders-Bulk-Small-Wedding-Candle-Holders-Wholesale-660x660.webp 660w\" sizes=\"(max-width: 1200px) 100vw, 1200px\" \/><\/figure>\n<\/div>\n<\/div>","protected":false},"excerpt":{"rendered":"<p>Bem-vindo ao comprar os nossos casti\u00e7ais a granel. Os nossos casti\u00e7ais de luz de ch\u00e1 s\u00e3o os mais vendidos pela sua forma \u00fanica, design elegante, variedades coloridas e cer\u00e2mica resistente ao calor. A combina\u00e7\u00e3o perfeita de beleza e praticidade, o nosso vaso de vela de cer\u00e2mica por atacado faz uma sele\u00e7\u00e3o impressionante para a decora\u00e7\u00e3o do casamento! Criam um ambiente acolhedor e convidativo.<\/p>","protected":false},"featured_media":9945,"comment_status":"closed","ping_status":"closed","template":"","meta":{"_acf_changed":false},"product_brand":[],"product_cat":[52],"product_tag":[66],"class_list":{"0":"post-9944","1":"product","2":"type-product","3":"status-publish","4":"has-post-thumbnail","6":"product_cat-wholesale-candle-containers","7":"product_tag-candle-jars-wholesale","9":"first","10":"instock","11":"shipping-taxable","12":"product-type-simple"},"acf":[],"_links":{"self":[{"href":"https:\/\/jinhuaceramic.com\/pt\/wp-json\/wp\/v2\/product\/9944","targetHints":{"allow":["GET"]}}],"collection":[{"href":"https:\/\/jinhuaceramic.com\/pt\/wp-json\/wp\/v2\/product"}],"about":[{"href":"https:\/\/jinhuaceramic.com\/pt\/wp-json\/wp\/v2\/types\/product"}],"replies":[{"embeddable":true,"href":"https:\/\/jinhuaceramic.com\/pt\/wp-json\/wp\/v2\/comments?post=9944"}],"version-history":[{"count":0,"href":"https:\/\/jinhuaceramic.com\/pt\/wp-json\/wp\/v2\/product\/9944\/revisions"}],"wp:featuredmedia":[{"embeddable":true,"href":"https:\/\/jinhuaceramic.com\/pt\/wp-json\/wp\/v2\/media\/9945"}],"wp:attachment":[{"href":"https:\/\/jinhuaceramic.com\/pt\/wp-json\/wp\/v2\/media?parent=9944"}],"wp:term":[{"taxonomy":"product_brand","embeddable":true,"href":"https:\/\/jinhuaceramic.com\/pt\/wp-json\/wp\/v2\/product_brand?post=9944"},{"taxonomy":"product_cat","embeddable":true,"href":"https:\/\/jinhuaceramic.com\/pt\/wp-json\/wp\/v2\/product_cat?post=9944"},{"taxonomy":"product_tag","embeddable":true,"href":"https:\/\/jinhuaceramic.com\/pt\/wp-json\/wp\/v2\/product_tag?post=9944"}],"curies":[{"name":"wp","href":"https:\/\/api.w.org\/{rel}","templated":true}]}}