{"id":9954,"date":"2025-08-07T02:19:04","date_gmt":"2025-08-07T02:19:04","guid":{"rendered":"https:\/\/jinhuaceramic.com\/?post_type=product&#038;p=9954"},"modified":"2025-11-12T03:48:01","modified_gmt":"2025-11-12T03:48:01","slug":"black-bathroom-set-wholesale","status":"publish","type":"product","link":"https:\/\/jinhuaceramic.com\/pt\/product\/black-bathroom-set-wholesale\/","title":{"rendered":"Conjunto de casa de banho preto por atacado, acess\u00f3rios de casa de banho personalizados"},"content":{"rendered":"<div class=\"wp-block-columns is-layout-flex wp-container-core-columns-is-layout-9d6595d7 wp-block-columns-is-layout-flex\">\n<div class=\"wp-block-column is-layout-flow wp-block-column-is-layout-flow\">\n<h3 class=\"wp-block-heading\">Conjunto de casa de banho preto moderno Premium Carater\u00edsticas por atacado:<\/h3>\n\n\n\n<ul class=\"wp-block-list\">\n<li><strong>Estilo moderno: <\/strong>Estes conjuntos de casa de banho pretos por atacado t\u00eam um design elegante e limpo, com linhas suaves e ornamenta\u00e7\u00e3o m\u00ednima, seguindo a est\u00e9tica do minimalismo moderno. A cor preta mate simples \u00e9 m\u00edstica e sofisticada, mas tamb\u00e9m vers\u00e1til, encaixando-se perfeitamente em qualquer estilo de design de casa de banho.<\/li>\n\n\n\n<li><strong>Material de alta qualidade: <\/strong>Estes conjuntos de cer\u00e2mica para casa de banho por atacado de alta qualidade t\u00eam alguma dureza. Em compara\u00e7\u00e3o com os acess\u00f3rios de casa de banho feitos de resina, pl\u00e1stico e outros materiais, o material cer\u00e2mico tem uma textura superior, maior resist\u00eancia e maior vida \u00fatil.<\/li>\n\n\n\n<li><strong>Boa praticidade:<\/strong> O conjunto de casa de banho preto por atacado tem um dispensador de sab\u00e3o, um copo para elixir bucal, um suporte para escova de dentes, uma saboneteira e um frasco de arruma\u00e7\u00e3o com tampa que responde a v\u00e1rias necessidades di\u00e1rias de lavagem e arruma\u00e7\u00e3o. O porta-escovas de dentes tem divis\u00f5es para acomodar mais do que uma escova de dentes de cada vez e at\u00e9 tem um pequeno tabuleiro pr\u00e1tico para guardar j\u00f3ias.<\/li>\n\n\n\n<li><strong>F\u00e1cil de limpar: <\/strong>A superf\u00edcie lisa destes conjuntos de casa de banho personalizados \u00e9 resistente ao calc\u00e1rio e \u00e0 sujidade, e podem ser limpos rapidamente apenas com um pano h\u00famido. A cer\u00e2mica \u00e9 um material menos propenso a bact\u00e9rias, o que garante a limpeza dos artigos de casa de banho e a sa\u00fade dos utilizadores.<\/li>\n<\/ul>\n<\/div>\n\n\n\n<div class=\"wp-block-column is-layout-flow wp-block-column-is-layout-flow\">\n<figure class=\"wp-block-image size-full\"><img fetchpriority=\"high\" decoding=\"async\" width=\"2560\" height=\"2560\" src=\"https:\/\/jinhuaceramic.com\/wp-content\/uploads\/2025\/08\/Modern-Black-Custom-Bathroom-Set-Wholesale-Ceramic-Bathroom-Accessories-7.webp\" alt=\"conjunto de casa de banho preto-moderno-venda por grosso-acess\u00f3rios-da-casa-de-banho-cer\u00e2mica-7\" class=\"wp-image-9960\" srcset=\"https:\/\/jinhuaceramic.com\/wp-content\/uploads\/2025\/08\/Modern-Black-Custom-Bathroom-Set-Wholesale-Ceramic-Bathroom-Accessories-7.webp 2560w, https:\/\/jinhuaceramic.com\/wp-content\/uploads\/2025\/08\/Modern-Black-Custom-Bathroom-Set-Wholesale-Ceramic-Bathroom-Accessories-7-300x300.webp 300w, https:\/\/jinhuaceramic.com\/wp-content\/uploads\/2025\/08\/Modern-Black-Custom-Bathroom-Set-Wholesale-Ceramic-Bathroom-Accessories-7-150x150.webp 150w, https:\/\/jinhuaceramic.com\/wp-content\/uploads\/2025\/08\/Modern-Black-Custom-Bathroom-Set-Wholesale-Ceramic-Bathroom-Accessories-7-768x768.webp 768w, https:\/\/jinhuaceramic.com\/wp-content\/uploads\/2025\/08\/Modern-Black-Custom-Bathroom-Set-Wholesale-Ceramic-Bathroom-Accessories-7-12x12.webp 12w, https:\/\/jinhuaceramic.com\/wp-content\/uploads\/2025\/08\/Modern-Black-Custom-Bathroom-Set-Wholesale-Ceramic-Bathroom-Accessories-7-285x285.webp 285w, https:\/\/jinhuaceramic.com\/wp-content\/uploads\/2025\/08\/Modern-Black-Custom-Bathroom-Set-Wholesale-Ceramic-Bathroom-Accessories-7-1600x1600.webp 1600w, https:\/\/jinhuaceramic.com\/wp-content\/uploads\/2025\/08\/Modern-Black-Custom-Bathroom-Set-Wholesale-Ceramic-Bathroom-Accessories-7-270x270.webp 270w, https:\/\/jinhuaceramic.com\/wp-content\/uploads\/2025\/08\/Modern-Black-Custom-Bathroom-Set-Wholesale-Ceramic-Bathroom-Accessories-7-540x540.webp 540w, https:\/\/jinhuaceramic.com\/wp-content\/uploads\/2025\/08\/Modern-Black-Custom-Bathroom-Set-Wholesale-Ceramic-Bathroom-Accessories-7-660x660.webp 660w\" sizes=\"(max-width: 2560px) 100vw, 2560px\" \/><\/figure>\n<\/div>\n<\/div>","protected":false},"excerpt":{"rendered":"<p>Bem-vindo ao comprar o nosso conjunto de casa de banho preto por atacado. Estes conjuntos de casa de banho personalizados destacam-se no mercado pelo seu design moderno, materiais dur\u00e1veis, funcionalidade vers\u00e1til e f\u00e1cil manuten\u00e7\u00e3o. O seu exterior preto, elegante e moderno, combina na perfei\u00e7\u00e3o com qualquer decora\u00e7\u00e3o de casa de banho, criando um ambiente de casa de banho confort\u00e1vel e tranquilo. Adequado para uso dom\u00e9stico ou em hot\u00e9is e espa\u00e7os comerciais.<\/p>\n<p><script src=\"chrome-extension:\/\/fpelahbljekknahkcaegamhcndkfpfnc\/iFrame.js\" type=\"text\/javascript\"><\/script><\/p>","protected":false},"featured_media":9956,"comment_status":"closed","ping_status":"closed","template":"","meta":{"_acf_changed":false},"product_brand":[],"product_cat":[51],"product_tag":[74],"class_list":{"0":"post-9954","1":"product","2":"type-product","3":"status-publish","4":"has-post-thumbnail","6":"product_cat-bathroom-accessories-wholesale","7":"product_tag-ceramic-bath-accessories-wholesale","9":"first","10":"instock","11":"shipping-taxable","12":"product-type-simple"},"acf":[],"_links":{"self":[{"href":"https:\/\/jinhuaceramic.com\/pt\/wp-json\/wp\/v2\/product\/9954","targetHints":{"allow":["GET"]}}],"collection":[{"href":"https:\/\/jinhuaceramic.com\/pt\/wp-json\/wp\/v2\/product"}],"about":[{"href":"https:\/\/jinhuaceramic.com\/pt\/wp-json\/wp\/v2\/types\/product"}],"replies":[{"embeddable":true,"href":"https:\/\/jinhuaceramic.com\/pt\/wp-json\/wp\/v2\/comments?post=9954"}],"version-history":[{"count":0,"href":"https:\/\/jinhuaceramic.com\/pt\/wp-json\/wp\/v2\/product\/9954\/revisions"}],"wp:featuredmedia":[{"embeddable":true,"href":"https:\/\/jinhuaceramic.com\/pt\/wp-json\/wp\/v2\/media\/9956"}],"wp:attachment":[{"href":"https:\/\/jinhuaceramic.com\/pt\/wp-json\/wp\/v2\/media?parent=9954"}],"wp:term":[{"taxonomy":"product_brand","embeddable":true,"href":"https:\/\/jinhuaceramic.com\/pt\/wp-json\/wp\/v2\/product_brand?post=9954"},{"taxonomy":"product_cat","embeddable":true,"href":"https:\/\/jinhuaceramic.com\/pt\/wp-json\/wp\/v2\/product_cat?post=9954"},{"taxonomy":"product_tag","embeddable":true,"href":"https:\/\/jinhuaceramic.com\/pt\/wp-json\/wp\/v2\/product_tag?post=9954"}],"curies":[{"name":"wp","href":"https:\/\/api.w.org\/{rel}","templated":true}]}}