{"id":9964,"date":"2025-08-07T03:04:20","date_gmt":"2025-08-07T03:04:20","guid":{"rendered":"https:\/\/jinhuaceramic.com\/?post_type=product&#038;p=9964"},"modified":"2025-08-07T03:04:22","modified_gmt":"2025-08-07T03:04:22","slug":"pie-pan-bulk","status":"publish","type":"product","link":"https:\/\/jinhuaceramic.com\/pt\/product\/pie-pan-bulk\/","title":{"rendered":"Assadeira redonda pequena para torta a granel, Assadeira redonda de cer\u00e2mica personalizada"},"content":{"rendered":"<div class=\"wp-block-columns is-layout-flex wp-container-core-columns-is-layout-9d6595d7 wp-block-columns-is-layout-flex\">\n<div class=\"wp-block-column is-layout-flow wp-block-column-is-layout-flow\">\n<h3 class=\"wp-block-heading\">Forma de tarte redonda pequena Premium Carater\u00edsticas a granel:<\/h3>\n\n\n\n<ul class=\"wp-block-list\">\n<li><strong>Design elegante: <\/strong>As bordas onduladas do volume da forma para tartes n\u00e3o s\u00f3 d\u00e3o um toque vintage e elegante \u00e0s formas, como tamb\u00e9m conferem \u00e0s tartes cozidas uma borda bonita e estaladi\u00e7a. Os tubos de rebordo castanhos nas bordas contrastam com o corpo branco, tornando as formas mais elegantes.<\/li>\n\n\n\n<li><strong>Material duradouro: <\/strong>Estas formas para tartes em cer\u00e2mica s\u00e3o duradouras e podem suportar temperaturas elevadas no forno sem deformar ou rachar. A cer\u00e2mica n\u00e3o cont\u00e9m quaisquer subst\u00e2ncias t\u00f3xicas, como o chumbo e o cr\u00f3mio, pelo que \u00e9 segura para os alimentos.<\/li>\n\n\n\n<li><strong>Versatilidade: <\/strong>O tamanho compacto destes pratos de cozinha por atacado \u00e9 perfeito para cozer muitas por\u00e7\u00f5es individuais de tartes, pequenos bolos, pastelaria e ca\u00e7arolas. Tamb\u00e9m s\u00e3o t\u00e3o bonitas que podem ir diretamente para a mesa.<\/li>\n\n\n\n<li><strong>F\u00e1cil de limpar: <\/strong>Estes pratos de cer\u00e2mica personalizados s\u00e3o sedosos ao toque com um esmalte antiaderente que n\u00e3o ret\u00e9m facilmente res\u00edduos de alimentos e s\u00e3o f\u00e1ceis de limpar \u00e0 m\u00e3o ou na m\u00e1quina de lavar lou\u00e7a.<\/li>\n<\/ul>\n<\/div>\n\n\n\n<div class=\"wp-block-column is-layout-flow wp-block-column-is-layout-flow\">\n<figure class=\"wp-block-image size-full\"><img fetchpriority=\"high\" decoding=\"async\" width=\"1600\" height=\"1600\" src=\"https:\/\/jinhuaceramic.com\/wp-content\/uploads\/2025\/08\/Small-Round-Pie-Baking-Pans-Ceramic-Custom-Casserole-Dish-Wholesale-6.webp\" alt=\"frigideira redonda pequena, a granel, de cer\u00e2mica, personalizada, redonda, para cozer 6\" class=\"wp-image-9969\" srcset=\"https:\/\/jinhuaceramic.com\/wp-content\/uploads\/2025\/08\/Small-Round-Pie-Baking-Pans-Ceramic-Custom-Casserole-Dish-Wholesale-6.webp 1600w, https:\/\/jinhuaceramic.com\/wp-content\/uploads\/2025\/08\/Small-Round-Pie-Baking-Pans-Ceramic-Custom-Casserole-Dish-Wholesale-6-300x300.webp 300w, https:\/\/jinhuaceramic.com\/wp-content\/uploads\/2025\/08\/Small-Round-Pie-Baking-Pans-Ceramic-Custom-Casserole-Dish-Wholesale-6-150x150.webp 150w, https:\/\/jinhuaceramic.com\/wp-content\/uploads\/2025\/08\/Small-Round-Pie-Baking-Pans-Ceramic-Custom-Casserole-Dish-Wholesale-6-768x768.webp 768w, https:\/\/jinhuaceramic.com\/wp-content\/uploads\/2025\/08\/Small-Round-Pie-Baking-Pans-Ceramic-Custom-Casserole-Dish-Wholesale-6-12x12.webp 12w, https:\/\/jinhuaceramic.com\/wp-content\/uploads\/2025\/08\/Small-Round-Pie-Baking-Pans-Ceramic-Custom-Casserole-Dish-Wholesale-6-285x285.webp 285w, https:\/\/jinhuaceramic.com\/wp-content\/uploads\/2025\/08\/Small-Round-Pie-Baking-Pans-Ceramic-Custom-Casserole-Dish-Wholesale-6-270x270.webp 270w, https:\/\/jinhuaceramic.com\/wp-content\/uploads\/2025\/08\/Small-Round-Pie-Baking-Pans-Ceramic-Custom-Casserole-Dish-Wholesale-6-540x540.webp 540w, https:\/\/jinhuaceramic.com\/wp-content\/uploads\/2025\/08\/Small-Round-Pie-Baking-Pans-Ceramic-Custom-Casserole-Dish-Wholesale-6-660x660.webp 660w\" sizes=\"(max-width: 1600px) 100vw, 1600px\" \/><\/figure>\n<\/div>\n<\/div>","protected":false},"excerpt":{"rendered":"<p>Bem-vindo ao comprar as nossas formas de cer\u00e2mica para tartes a granel. As vantagens destas formas s\u00e3o o seu design elegante, o material cer\u00e2mico de alta qualidade, a versatilidade e a facilidade de limpeza. S\u00e3o pr\u00e1ticas e bonitas, o que as torna num utens\u00edlio de pastelaria indispens\u00e1vel na cozinha, adequado n\u00e3o s\u00f3 para uso dom\u00e9stico normal, mas tamb\u00e9m para restaurantes ou entusiastas da pastelaria.<\/p>\n<p>\n<script src=\"chrome-extension:\/\/fpelahbljekknahkcaegamhcndkfpfnc\/iFrame.js\" type=\"text\/javascript\"><\/script><\/p>","protected":false},"featured_media":9968,"comment_status":"closed","ping_status":"closed","template":"","meta":{"_acf_changed":false},"product_brand":[],"product_cat":[53],"product_tag":[70],"class_list":{"0":"post-9964","1":"product","2":"type-product","3":"status-publish","4":"has-post-thumbnail","6":"product_cat-bakeware-in-bulk","7":"product_tag-custom-pie-pans","9":"first","10":"instock","11":"shipping-taxable","12":"product-type-simple"},"acf":[],"_links":{"self":[{"href":"https:\/\/jinhuaceramic.com\/pt\/wp-json\/wp\/v2\/product\/9964","targetHints":{"allow":["GET"]}}],"collection":[{"href":"https:\/\/jinhuaceramic.com\/pt\/wp-json\/wp\/v2\/product"}],"about":[{"href":"https:\/\/jinhuaceramic.com\/pt\/wp-json\/wp\/v2\/types\/product"}],"replies":[{"embeddable":true,"href":"https:\/\/jinhuaceramic.com\/pt\/wp-json\/wp\/v2\/comments?post=9964"}],"version-history":[{"count":0,"href":"https:\/\/jinhuaceramic.com\/pt\/wp-json\/wp\/v2\/product\/9964\/revisions"}],"wp:featuredmedia":[{"embeddable":true,"href":"https:\/\/jinhuaceramic.com\/pt\/wp-json\/wp\/v2\/media\/9968"}],"wp:attachment":[{"href":"https:\/\/jinhuaceramic.com\/pt\/wp-json\/wp\/v2\/media?parent=9964"}],"wp:term":[{"taxonomy":"product_brand","embeddable":true,"href":"https:\/\/jinhuaceramic.com\/pt\/wp-json\/wp\/v2\/product_brand?post=9964"},{"taxonomy":"product_cat","embeddable":true,"href":"https:\/\/jinhuaceramic.com\/pt\/wp-json\/wp\/v2\/product_cat?post=9964"},{"taxonomy":"product_tag","embeddable":true,"href":"https:\/\/jinhuaceramic.com\/pt\/wp-json\/wp\/v2\/product_tag?post=9964"}],"curies":[{"name":"wp","href":"https:\/\/api.w.org\/{rel}","templated":true}]}}