{"id":9988,"date":"2025-08-07T07:36:45","date_gmt":"2025-08-07T07:36:45","guid":{"rendered":"https:\/\/jinhuaceramic.com\/?post_type=product&#038;p=9988"},"modified":"2025-11-12T03:45:43","modified_gmt":"2025-11-12T03:45:43","slug":"rectangular-baking-pan-wholesale","status":"publish","type":"product","link":"https:\/\/jinhuaceramic.com\/pt\/product\/rectangular-baking-pan-wholesale\/","title":{"rendered":"Rectangular Baking Pan Wholesale, Custom Ceramic Bakeware"},"content":{"rendered":"<div class=\"wp-block-columns is-layout-flex wp-container-core-columns-is-layout-9d6595d7 wp-block-columns-is-layout-flex\">\n<div class=\"wp-block-column is-layout-flow wp-block-column-is-layout-flow\">\n<h3 class=\"wp-block-heading\"> Assadeira retangular preta Carater\u00edsticas por atacado:<\/h3>\n\n\n\n<ul class=\"wp-block-list\">\n<li><strong>Look moderno:<\/strong> A assadeira retangular branca por dentro e preta por fora tem um contraste de cores limpo e n\u00edtido que \u00e9 simultaneamente moderno e sofisticado. As riscas horizontais s\u00e3o gravadas em relevo nos lados exteriores das assadeiras, o que cria a apar\u00eancia de camadas e profundidade.<\/li>\n\n\n\n<li><strong>Praticidade a longo prazo:<\/strong> A forma retangular intemporal destas formas personalizadas \u00e9 perfeitamente adequada para cozer uma variedade de alimentos, como lasanha, assados, assados de frango, ca\u00e7arolas, brownies, etc. As pegas largas de ambos os lados garantem uma ader\u00eancia firme, o que as torna f\u00e1ceis e seguras de retirar do forno e transportar.<\/li>\n\n\n\n<li><strong>Material cer\u00e2mico de boa qualidade:<\/strong> A assadeira retangular por atacado \u00e9 feita de material cer\u00e2mico de boa qualidade, que \u00e9 duro e forte e tem uma boa resist\u00eancia ao calor, pelo que n\u00e3o se deforma ou racha mesmo quando utilizada durante longos per\u00edodos.<\/li>\n\n\n\n<li><strong>Aquecimento uniforme:<\/strong> O material cer\u00e2mico tem uma boa condutividade t\u00e9rmica, pelo que o calor ser\u00e1 transferido uniformemente, pelo que os alimentos cozinhados ser\u00e3o cozinhados uniformemente e ser\u00e1 evitado o sobreaquecimento local ou a subcozedura.<\/li>\n<\/ul>\n<\/div>\n\n\n\n<div class=\"wp-block-column is-layout-flow wp-block-column-is-layout-flow\">\n<figure class=\"wp-block-image size-full\"><img fetchpriority=\"high\" decoding=\"async\" width=\"1600\" height=\"1600\" src=\"https:\/\/jinhuaceramic.com\/wp-content\/uploads\/2025\/08\/Modern-Black-Baking-Dish-Custom-Ceramic-Kitchen-Bakeware-Wholesale-2.webp\" alt=\"frigideira retangular preta - venda por grosso de utens\u00edlios de cozinha em cer\u00e2mica personalizada - 2\" class=\"wp-image-9989\" srcset=\"https:\/\/jinhuaceramic.com\/wp-content\/uploads\/2025\/08\/Modern-Black-Baking-Dish-Custom-Ceramic-Kitchen-Bakeware-Wholesale-2.webp 1600w, https:\/\/jinhuaceramic.com\/wp-content\/uploads\/2025\/08\/Modern-Black-Baking-Dish-Custom-Ceramic-Kitchen-Bakeware-Wholesale-2-300x300.webp 300w, https:\/\/jinhuaceramic.com\/wp-content\/uploads\/2025\/08\/Modern-Black-Baking-Dish-Custom-Ceramic-Kitchen-Bakeware-Wholesale-2-150x150.webp 150w, https:\/\/jinhuaceramic.com\/wp-content\/uploads\/2025\/08\/Modern-Black-Baking-Dish-Custom-Ceramic-Kitchen-Bakeware-Wholesale-2-768x768.webp 768w, https:\/\/jinhuaceramic.com\/wp-content\/uploads\/2025\/08\/Modern-Black-Baking-Dish-Custom-Ceramic-Kitchen-Bakeware-Wholesale-2-12x12.webp 12w, https:\/\/jinhuaceramic.com\/wp-content\/uploads\/2025\/08\/Modern-Black-Baking-Dish-Custom-Ceramic-Kitchen-Bakeware-Wholesale-2-285x285.webp 285w, https:\/\/jinhuaceramic.com\/wp-content\/uploads\/2025\/08\/Modern-Black-Baking-Dish-Custom-Ceramic-Kitchen-Bakeware-Wholesale-2-270x270.webp 270w, https:\/\/jinhuaceramic.com\/wp-content\/uploads\/2025\/08\/Modern-Black-Baking-Dish-Custom-Ceramic-Kitchen-Bakeware-Wholesale-2-540x540.webp 540w, https:\/\/jinhuaceramic.com\/wp-content\/uploads\/2025\/08\/Modern-Black-Baking-Dish-Custom-Ceramic-Kitchen-Bakeware-Wholesale-2-660x660.webp 660w\" sizes=\"(max-width: 1600px) 100vw, 1600px\" \/><\/figure>\n<\/div>\n<\/div>","protected":false},"excerpt":{"rendered":"<p>Bem-vindo a comprar a nossa assadeira retangular por atacado. Estas assadeiras personalizadas s\u00e3o populares entre os consumidores pelo seu design moderno e bonito, material cer\u00e2mico dur\u00e1vel, versatilidade e limpeza f\u00e1cil. Esta assadeira retangular preta foi especificamente concebida para cozinhas dom\u00e9sticas e para necessidades comerciais de pastelaria, o que a torna uma ferramenta ideal para a pastelaria.<\/p>\n<p><script src=\"chrome-extension:\/\/fpelahbljekknahkcaegamhcndkfpfnc\/iFrame.js\" type=\"text\/javascript\"><\/script><\/p>","protected":false},"featured_media":9992,"comment_status":"closed","ping_status":"closed","template":"","meta":{"_acf_changed":false},"product_brand":[],"product_cat":[53],"product_tag":[71],"class_list":{"0":"post-9988","1":"product","2":"type-product","3":"status-publish","4":"has-post-thumbnail","6":"product_cat-bakeware-in-bulk","7":"product_tag-wholesale-baking-pans","9":"first","10":"instock","11":"shipping-taxable","12":"product-type-simple"},"acf":[],"_links":{"self":[{"href":"https:\/\/jinhuaceramic.com\/pt\/wp-json\/wp\/v2\/product\/9988","targetHints":{"allow":["GET"]}}],"collection":[{"href":"https:\/\/jinhuaceramic.com\/pt\/wp-json\/wp\/v2\/product"}],"about":[{"href":"https:\/\/jinhuaceramic.com\/pt\/wp-json\/wp\/v2\/types\/product"}],"replies":[{"embeddable":true,"href":"https:\/\/jinhuaceramic.com\/pt\/wp-json\/wp\/v2\/comments?post=9988"}],"version-history":[{"count":0,"href":"https:\/\/jinhuaceramic.com\/pt\/wp-json\/wp\/v2\/product\/9988\/revisions"}],"wp:featuredmedia":[{"embeddable":true,"href":"https:\/\/jinhuaceramic.com\/pt\/wp-json\/wp\/v2\/media\/9992"}],"wp:attachment":[{"href":"https:\/\/jinhuaceramic.com\/pt\/wp-json\/wp\/v2\/media?parent=9988"}],"wp:term":[{"taxonomy":"product_brand","embeddable":true,"href":"https:\/\/jinhuaceramic.com\/pt\/wp-json\/wp\/v2\/product_brand?post=9988"},{"taxonomy":"product_cat","embeddable":true,"href":"https:\/\/jinhuaceramic.com\/pt\/wp-json\/wp\/v2\/product_cat?post=9988"},{"taxonomy":"product_tag","embeddable":true,"href":"https:\/\/jinhuaceramic.com\/pt\/wp-json\/wp\/v2\/product_tag?post=9988"}],"curies":[{"name":"wp","href":"https:\/\/api.w.org\/{rel}","templated":true}]}}